{"id":504,"date":"2026-04-05T22:26:01","date_gmt":"2026-04-05T20:26:01","guid":{"rendered":"https:\/\/diegggmars.art\/?page_id=504"},"modified":"2026-04-06T12:08:44","modified_gmt":"2026-04-06T10:08:44","slug":"accueil-2","status":"publish","type":"page","link":"https:\/\/diegggmars.art\/","title":{"rendered":"Accueil"},"content":{"rendered":"\t\t<div data-elementor-type=\"wp-page\" data-elementor-id=\"504\" class=\"elementor elementor-504\">\n\t\t\t\t<div class=\"elementor-element elementor-element-6699929 e-flex e-con-boxed e-con e-parent\" data-id=\"6699929\" data-element_type=\"container\" data-e-type=\"container\" data-settings=\"{&quot;background_background&quot;:&quot;classic&quot;}\">\n\t\t\t\t\t<div class=\"e-con-inner\">\n\t\t<div class=\"elementor-element elementor-element-c570291 e-con-full e-flex e-con e-child\" data-id=\"c570291\" data-element_type=\"container\" data-e-type=\"container\">\n\t\t\t\t<div class=\"elementor-element elementor-element-fdd2bb9 elementor-widget elementor-widget-text-editor\" data-id=\"fdd2bb9\" data-element_type=\"widget\" data-e-type=\"widget\" data-widget_type=\"text-editor.default\">\n\t\t\t\t\t\t\t\t\t<p>Artiste peintre et plasticien<\/p>\t\t\t\t\t\t\t\t<\/div>\n\t\t\t\t<div class=\"elementor-element elementor-element-b9c332d elementor-widget elementor-widget-heading\" data-id=\"b9c332d\" data-element_type=\"widget\" data-e-type=\"widget\" data-widget_type=\"heading.default\">\n\t\t\t\t\t<h1 class=\"elementor-heading-title elementor-size-default\">Art brut &amp; Mati\u00e8re<\/h1>\t\t\t\t<\/div>\n\t\t\t\t<div class=\"elementor-element elementor-element-507c71d elementor-widget elementor-widget-text-editor\" data-id=\"507c71d\" data-element_type=\"widget\" data-e-type=\"widget\" data-widget_type=\"text-editor.default\">\n\t\t\t\t\t\t\t\t\t<p><span style=\"color: rgba(232, 228, 220, 0.55); font-size: 14px;\">Peintures sur toile, supports m\u00e9talliques et sculptures conceptuelles. Des \u0153uvres disponibles \u00e0 la vente directe, payables en crypto<\/span><\/p>\t\t\t\t\t\t\t\t<\/div>\n\t\t\t\t\t    \t            <a\n            \t\t\thref=\"https:\/\/diegggmars.art\/index.php\/portofolio\/\"\n        target=\"_self\"\n            class=\"e-ce88cb4-3f62515 e-button-base\"\n            data-interaction-id=\"ce88cb4\"\n             \n        >\n            Voir le portfolio\n        <\/a>\n    \t\t\t\t<\/div>\n\t\t<div class=\"elementor-element elementor-element-7804783 e-con-full e-flex e-con e-child\" data-id=\"7804783\" data-element_type=\"container\" data-e-type=\"container\">\n\t\t\t\t<div class=\"elementor-element elementor-element-81f324c elementor-widget elementor-widget-image\" data-id=\"81f324c\" data-element_type=\"widget\" data-e-type=\"widget\" data-widget_type=\"image.default\">\n\t\t\t\t\t\t\t\t\t\t\t\t\t\t\t<img fetchpriority=\"high\" decoding=\"async\" width=\"258\" height=\"259\" src=\"https:\/\/diegggmars.art\/wp-content\/uploads\/2021\/10\/peinture-n\u00b0XX15.-5.jpg\" class=\"attachment-large size-large wp-image-229\" alt=\"\" srcset=\"https:\/\/diegggmars.art\/wp-content\/uploads\/2021\/10\/peinture-n\u00b0XX15.-5.jpg 258w, https:\/\/diegggmars.art\/wp-content\/uploads\/2021\/10\/peinture-n\u00b0XX15.-5-150x150.jpg 150w, https:\/\/diegggmars.art\/wp-content\/uploads\/2021\/10\/peinture-n\u00b0XX15.-5-1x1.jpg 1w\" sizes=\"(max-width: 258px) 100vw, 258px\" \/>\t\t\t\t\t\t\t\t\t\t\t\t\t\t\t<\/div>\n\t\t\t\t<\/div>\n\t\t\t\t\t<\/div>\n\t\t\t\t<\/div>\n\t\t<div class=\"elementor-element elementor-element-1b59bce e-flex e-con-boxed e-con e-parent\" data-id=\"1b59bce\" data-element_type=\"container\" data-e-type=\"container\">\n\t\t\t\t\t<div class=\"e-con-inner\">\n\t\t<div class=\"elementor-element elementor-element-6ea4439 e-con-full e-flex e-con e-child\" data-id=\"6ea4439\" data-element_type=\"container\" data-e-type=\"container\">\n\t\t\t\t<div class=\"elementor-element elementor-element-294552b elementor-widget elementor-widget-counter\" data-id=\"294552b\" data-element_type=\"widget\" data-e-type=\"widget\" data-widget_type=\"counter.default\">\n\t\t\t\t\t\t\t<div class=\"elementor-counter\">\n\t\t\t<div class=\"elementor-counter-title\">\u0152uvres cr\u00e9\u00e9es<\/div>\t\t\t<div class=\"elementor-counter-number-wrapper\">\n\t\t\t\t<span class=\"elementor-counter-number-prefix\">+<\/span>\n\t\t\t\t<span class=\"elementor-counter-number\" data-duration=\"2000\" data-to-value=\"100\" data-from-value=\"0\" data-delimiter=\",\">0<\/span>\n\t\t\t\t<span class=\"elementor-counter-number-suffix\"><\/span>\n\t\t\t<\/div>\n\t\t<\/div>\n\t\t\t\t\t\t<\/div>\n\t\t\t\t<\/div>\n\t\t<div class=\"elementor-element elementor-element-ae7f3cb e-con-full e-flex e-con e-child\" data-id=\"ae7f3cb\" data-element_type=\"container\" data-e-type=\"container\">\n\t\t\t\t<div class=\"elementor-element elementor-element-8f60fcf elementor-widget elementor-widget-heading\" data-id=\"8f60fcf\" data-element_type=\"widget\" data-e-type=\"widget\" data-widget_type=\"heading.default\">\n\t\t\t\t\t<div class=\"elementor-heading-title elementor-size-default\">2010<\/div>\t\t\t\t<\/div>\n\t\t\t\t<div class=\"elementor-element elementor-element-5f2e02c elementor-widget elementor-widget-heading\" data-id=\"5f2e02c\" data-element_type=\"widget\" data-e-type=\"widget\" data-widget_type=\"heading.default\">\n\t\t\t\t\t<p class=\"elementor-heading-title elementor-size-default\">D\u00e9but de carri\u00e8re<\/p>\t\t\t\t<\/div>\n\t\t\t\t<\/div>\n\t\t<div class=\"elementor-element elementor-element-279a31d e-con-full e-flex e-con e-child\" data-id=\"279a31d\" data-element_type=\"container\" data-e-type=\"container\">\n\t\t\t\t<div class=\"elementor-element elementor-element-5e8889c elementor-widget elementor-widget-heading\" data-id=\"5e8889c\" data-element_type=\"widget\" data-e-type=\"widget\" data-widget_type=\"heading.default\">\n\t\t\t\t\t<div class=\"elementor-heading-title elementor-size-default\">NFT<\/div>\t\t\t\t<\/div>\n\t\t\t\t<div class=\"elementor-element elementor-element-d1fa080 elementor-widget elementor-widget-heading\" data-id=\"d1fa080\" data-element_type=\"widget\" data-e-type=\"widget\" data-widget_type=\"heading.default\">\n\t\t\t\t\t<p class=\"elementor-heading-title elementor-size-default\">Authentification<\/p>\t\t\t\t<\/div>\n\t\t\t\t<\/div>\n\t\t<div class=\"elementor-element elementor-element-55e9d7a e-con-full e-flex e-con e-child\" data-id=\"55e9d7a\" data-element_type=\"container\" data-e-type=\"container\">\n\t\t\t\t<div class=\"elementor-element elementor-element-9de3fd0 elementor-widget elementor-widget-heading\" data-id=\"9de3fd0\" data-element_type=\"widget\" data-e-type=\"widget\" data-widget_type=\"heading.default\">\n\t\t\t\t\t<div class=\"elementor-heading-title elementor-size-default\">Crypto<\/div>\t\t\t\t<\/div>\n\t\t\t\t<div class=\"elementor-element elementor-element-ed1d9cf elementor-widget elementor-widget-heading\" data-id=\"ed1d9cf\" data-element_type=\"widget\" data-e-type=\"widget\" data-widget_type=\"heading.default\">\n\t\t\t\t\t<p class=\"elementor-heading-title elementor-size-default\">Paiement accept\u00e9<\/p>\t\t\t\t<\/div>\n\t\t\t\t<\/div>\n\t\t\t\t\t<\/div>\n\t\t\t\t<\/div>\n\t\t<div class=\"elementor-element elementor-element-15f1eee e-flex e-con-boxed e-con e-parent\" data-id=\"15f1eee\" data-element_type=\"container\" data-e-type=\"container\" data-settings=\"{&quot;background_background&quot;:&quot;classic&quot;}\">\n\t\t\t\t\t<div class=\"e-con-inner\">\n\t\t\t\t<div class=\"elementor-element elementor-element-73b5e7c elementor-widget elementor-widget-heading\" data-id=\"73b5e7c\" data-element_type=\"widget\" data-e-type=\"widget\" data-widget_type=\"heading.default\">\n\t\t\t\t\t<h3 class=\"elementor-heading-title elementor-size-default\">S\u00e9lection<\/h3>\t\t\t\t<\/div>\n\t\t\t\t\t\t\t<h2 \n\t\tdata-interaction-id=\"d8f6df3\" \n\t\tclass=\"e-heading-base\" \n\t\t \n\t\t\n\t>\n\t\n\t\t\t<strong id=\"e-mnmab93u-uzoeyzo\">\u0152uvres r\u00e9centes\u200b<\/strong>\n\t\t<\/h2>\n\t\t\t\t<div class=\"elementor-element elementor-element-896037d elementor-widget__width-initial elementor-widget elementor-widget-image-gallery\" data-id=\"896037d\" data-element_type=\"widget\" data-e-type=\"widget\" data-widget_type=\"image-gallery.default\">\n\t\t\t\t\t\t\t<div class=\"elementor-image-gallery\">\n\t\t\t<div id='gallery-1' class='gallery galleryid-504 gallery-columns-3 gallery-size-large'><figure class='gallery-item'>\n\t\t\t<div class='gallery-icon portrait'>\n\t\t\t\t<a data-elementor-open-lightbox=\"yes\" data-elementor-lightbox-slideshow=\"896037d\" data-elementor-lightbox-title=\"IMG_20220131_145049\" data-e-action-hash=\"#elementor-action%3Aaction%3Dlightbox%26settings%3DeyJpZCI6Mjg2LCJ1cmwiOiJodHRwczpcL1wvZGllZ2dnbWFycy5hcnRcL3dwLWNvbnRlbnRcL3VwbG9hZHNcLzIwMjNcLzExXC9JTUdfMjAyMjAxMzFfMTQ1MDQ5LXNjYWxlZC5qcGciLCJzbGlkZXNob3ciOiI4OTYwMzdkIn0%3D\" href='https:\/\/diegggmars.art\/wp-content\/uploads\/2023\/11\/IMG_20220131_145049-scaled.jpg'><img decoding=\"async\" width=\"376\" height=\"1024\" src=\"https:\/\/diegggmars.art\/wp-content\/uploads\/2023\/11\/IMG_20220131_145049-376x1024.jpg\" class=\"attachment-large size-large\" alt=\"\" srcset=\"https:\/\/diegggmars.art\/wp-content\/uploads\/2023\/11\/IMG_20220131_145049-376x1024.jpg 376w, https:\/\/diegggmars.art\/wp-content\/uploads\/2023\/11\/IMG_20220131_145049-110x300.jpg 110w, https:\/\/diegggmars.art\/wp-content\/uploads\/2023\/11\/IMG_20220131_145049-768x2093.jpg 768w, https:\/\/diegggmars.art\/wp-content\/uploads\/2023\/11\/IMG_20220131_145049-564x1536.jpg 564w, https:\/\/diegggmars.art\/wp-content\/uploads\/2023\/11\/IMG_20220131_145049-751x2048.jpg 751w, https:\/\/diegggmars.art\/wp-content\/uploads\/2023\/11\/IMG_20220131_145049-1x3.jpg 1w, https:\/\/diegggmars.art\/wp-content\/uploads\/2023\/11\/IMG_20220131_145049-scaled.jpg 939w\" sizes=\"(max-width: 376px) 100vw, 376px\" \/><\/a>\n\t\t\t<\/div><\/figure><figure class='gallery-item'>\n\t\t\t<div class='gallery-icon landscape'>\n\t\t\t\t<a data-elementor-open-lightbox=\"yes\" data-elementor-lightbox-slideshow=\"896037d\" data-elementor-lightbox-title=\"peinture n\u00b084 bis\" data-e-action-hash=\"#elementor-action%3Aaction%3Dlightbox%26settings%3DeyJpZCI6MTQ0LCJ1cmwiOiJodHRwczpcL1wvZGllZ2dnbWFycy5hcnRcL3dwLWNvbnRlbnRcL3VwbG9hZHNcLzIwMjFcLzEwXC9wZWludHVyZS1uXHUwMGIwODQtYmlzLmpwZyIsInNsaWRlc2hvdyI6Ijg5NjAzN2QifQ%3D%3D\" href='https:\/\/diegggmars.art\/wp-content\/uploads\/2021\/10\/peinture-n\u00b084-bis.jpg'><img decoding=\"async\" width=\"1024\" height=\"713\" src=\"https:\/\/diegggmars.art\/wp-content\/uploads\/2021\/10\/peinture-n\u00b084-bis-1024x713.jpg\" class=\"attachment-large size-large\" alt=\"\" srcset=\"https:\/\/diegggmars.art\/wp-content\/uploads\/2021\/10\/peinture-n\u00b084-bis-1024x713.jpg 1024w, https:\/\/diegggmars.art\/wp-content\/uploads\/2021\/10\/peinture-n\u00b084-bis-300x209.jpg 300w, https:\/\/diegggmars.art\/wp-content\/uploads\/2021\/10\/peinture-n\u00b084-bis-768x535.jpg 768w, https:\/\/diegggmars.art\/wp-content\/uploads\/2021\/10\/peinture-n\u00b084-bis-1536x1069.jpg 1536w, https:\/\/diegggmars.art\/wp-content\/uploads\/2021\/10\/peinture-n\u00b084-bis-1x1.jpg 1w, https:\/\/diegggmars.art\/wp-content\/uploads\/2021\/10\/peinture-n\u00b084-bis.jpg 1722w\" sizes=\"(max-width: 1024px) 100vw, 1024px\" \/><\/a>\n\t\t\t<\/div><\/figure><figure class='gallery-item'>\n\t\t\t<div class='gallery-icon landscape'>\n\t\t\t\t<a data-elementor-open-lightbox=\"yes\" data-elementor-lightbox-slideshow=\"896037d\" data-elementor-lightbox-title=\"IMG_20211111_172927\" data-e-action-hash=\"#elementor-action%3Aaction%3Dlightbox%26settings%3DeyJpZCI6MzM3LCJ1cmwiOiJodHRwczpcL1wvZGllZ2dnbWFycy5hcnRcL3dwLWNvbnRlbnRcL3VwbG9hZHNcLzIwMjNcLzExXC9JTUdfMjAyMTExMTFfMTcyOTI3LmpwZyIsInNsaWRlc2hvdyI6Ijg5NjAzN2QifQ%3D%3D\" href='https:\/\/diegggmars.art\/wp-content\/uploads\/2023\/11\/IMG_20211111_172927.jpg'><img loading=\"lazy\" decoding=\"async\" width=\"1024\" height=\"1009\" src=\"https:\/\/diegggmars.art\/wp-content\/uploads\/2023\/11\/IMG_20211111_172927-1024x1009.jpg\" class=\"attachment-large size-large\" alt=\"\" srcset=\"https:\/\/diegggmars.art\/wp-content\/uploads\/2023\/11\/IMG_20211111_172927-1024x1009.jpg 1024w, https:\/\/diegggmars.art\/wp-content\/uploads\/2023\/11\/IMG_20211111_172927-300x296.jpg 300w, https:\/\/diegggmars.art\/wp-content\/uploads\/2023\/11\/IMG_20211111_172927-768x757.jpg 768w, https:\/\/diegggmars.art\/wp-content\/uploads\/2023\/11\/IMG_20211111_172927-1536x1513.jpg 1536w, https:\/\/diegggmars.art\/wp-content\/uploads\/2023\/11\/IMG_20211111_172927-1x1.jpg 1w, https:\/\/diegggmars.art\/wp-content\/uploads\/2023\/11\/IMG_20211111_172927.jpg 1820w\" sizes=\"(max-width: 1024px) 100vw, 1024px\" \/><\/a>\n\t\t\t<\/div><\/figure><figure class='gallery-item'>\n\t\t\t<div class='gallery-icon portrait'>\n\t\t\t\t<a data-elementor-open-lightbox=\"yes\" data-elementor-lightbox-slideshow=\"896037d\" data-elementor-lightbox-title=\"IMG_20250112_170243\" data-e-action-hash=\"#elementor-action%3Aaction%3Dlightbox%26settings%3DeyJpZCI6NDcwLCJ1cmwiOiJodHRwczpcL1wvZGllZ2dnbWFycy5hcnRcL3dwLWNvbnRlbnRcL3VwbG9hZHNcLzIwMjVcLzAyXC9JTUdfMjAyNTAxMTJfMTcwMjQzLXNjYWxlZC5qcGciLCJzbGlkZXNob3ciOiI4OTYwMzdkIn0%3D\" href='https:\/\/diegggmars.art\/wp-content\/uploads\/2025\/02\/IMG_20250112_170243-scaled.jpg'><img loading=\"lazy\" decoding=\"async\" width=\"818\" height=\"1024\" src=\"https:\/\/diegggmars.art\/wp-content\/uploads\/2025\/02\/IMG_20250112_170243-818x1024.jpg\" class=\"attachment-large size-large\" alt=\"\" srcset=\"https:\/\/diegggmars.art\/wp-content\/uploads\/2025\/02\/IMG_20250112_170243-818x1024.jpg 818w, https:\/\/diegggmars.art\/wp-content\/uploads\/2025\/02\/IMG_20250112_170243-240x300.jpg 240w, https:\/\/diegggmars.art\/wp-content\/uploads\/2025\/02\/IMG_20250112_170243-768x961.jpg 768w, https:\/\/diegggmars.art\/wp-content\/uploads\/2025\/02\/IMG_20250112_170243-1227x1536.jpg 1227w, https:\/\/diegggmars.art\/wp-content\/uploads\/2025\/02\/IMG_20250112_170243-1636x2048.jpg 1636w, https:\/\/diegggmars.art\/wp-content\/uploads\/2025\/02\/IMG_20250112_170243-1x1.jpg 1w, https:\/\/diegggmars.art\/wp-content\/uploads\/2025\/02\/IMG_20250112_170243-scaled.jpg 2045w\" sizes=\"(max-width: 818px) 100vw, 818px\" \/><\/a>\n\t\t\t<\/div><\/figure><figure class='gallery-item'>\n\t\t\t<div class='gallery-icon portrait'>\n\t\t\t\t<a data-elementor-open-lightbox=\"yes\" data-elementor-lightbox-slideshow=\"896037d\" data-elementor-lightbox-title=\"dav\" data-e-action-hash=\"#elementor-action%3Aaction%3Dlightbox%26settings%3DeyJpZCI6MjI1LCJ1cmwiOiJodHRwczpcL1wvZGllZ2dnbWFycy5hcnRcL3dwLWNvbnRlbnRcL3VwbG9hZHNcLzIwMjFcLzEwXC9FeHBhbnNpb241LmpwZyIsInNsaWRlc2hvdyI6Ijg5NjAzN2QifQ%3D%3D\" href='https:\/\/diegggmars.art\/wp-content\/uploads\/2021\/10\/Expansion5.jpg'><img loading=\"lazy\" decoding=\"async\" width=\"149\" height=\"199\" src=\"https:\/\/diegggmars.art\/wp-content\/uploads\/2021\/10\/Expansion5.jpg\" class=\"attachment-large size-large\" alt=\"\" aria-describedby=\"gallery-1-225\" srcset=\"https:\/\/diegggmars.art\/wp-content\/uploads\/2021\/10\/Expansion5.jpg 149w, https:\/\/diegggmars.art\/wp-content\/uploads\/2021\/10\/Expansion5-1x1.jpg 1w\" sizes=\"(max-width: 149px) 100vw, 149px\" \/><\/a>\n\t\t\t<\/div>\n\t\t\t\t<figcaption class='wp-caption-text gallery-caption' id='gallery-1-225'>\n\t\t\t\tdav\n\t\t\t\t<\/figcaption><\/figure><figure class='gallery-item'>\n\t\t\t<div class='gallery-icon portrait'>\n\t\t\t\t<a data-elementor-open-lightbox=\"yes\" data-elementor-lightbox-slideshow=\"896037d\" data-elementor-lightbox-title=\"IMG_20250105_185622\" data-e-action-hash=\"#elementor-action%3Aaction%3Dlightbox%26settings%3DeyJpZCI6NDY5LCJ1cmwiOiJodHRwczpcL1wvZGllZ2dnbWFycy5hcnRcL3dwLWNvbnRlbnRcL3VwbG9hZHNcLzIwMjVcLzAyXC9JTUdfMjAyNTAxMDVfMTg1NjIyLXNjYWxlZC5qcGciLCJzbGlkZXNob3ciOiI4OTYwMzdkIn0%3D\" href='https:\/\/diegggmars.art\/wp-content\/uploads\/2025\/02\/IMG_20250105_185622-scaled.jpg'><img loading=\"lazy\" decoding=\"async\" width=\"865\" height=\"1024\" src=\"https:\/\/diegggmars.art\/wp-content\/uploads\/2025\/02\/IMG_20250105_185622-865x1024.jpg\" class=\"attachment-large size-large\" alt=\"\" srcset=\"https:\/\/diegggmars.art\/wp-content\/uploads\/2025\/02\/IMG_20250105_185622-865x1024.jpg 865w, https:\/\/diegggmars.art\/wp-content\/uploads\/2025\/02\/IMG_20250105_185622-253x300.jpg 253w, https:\/\/diegggmars.art\/wp-content\/uploads\/2025\/02\/IMG_20250105_185622-768x909.jpg 768w, https:\/\/diegggmars.art\/wp-content\/uploads\/2025\/02\/IMG_20250105_185622-1297x1536.jpg 1297w, https:\/\/diegggmars.art\/wp-content\/uploads\/2025\/02\/IMG_20250105_185622-1730x2048.jpg 1730w, https:\/\/diegggmars.art\/wp-content\/uploads\/2025\/02\/IMG_20250105_185622-1x1.jpg 1w\" sizes=\"(max-width: 865px) 100vw, 865px\" \/><\/a>\n\t\t\t<\/div><\/figure><figure class='gallery-item'>\n\t\t\t<div class='gallery-icon portrait'>\n\t\t\t\t<a data-elementor-open-lightbox=\"yes\" data-elementor-lightbox-slideshow=\"896037d\" data-elementor-lightbox-title=\"IMG_20250105_114748\" data-e-action-hash=\"#elementor-action%3Aaction%3Dlightbox%26settings%3DeyJpZCI6NDY4LCJ1cmwiOiJodHRwczpcL1wvZGllZ2dnbWFycy5hcnRcL3dwLWNvbnRlbnRcL3VwbG9hZHNcLzIwMjVcLzAyXC9JTUdfMjAyNTAxMDVfMTE0NzQ4LXNjYWxlZC5qcGciLCJzbGlkZXNob3ciOiI4OTYwMzdkIn0%3D\" href='https:\/\/diegggmars.art\/wp-content\/uploads\/2025\/02\/IMG_20250105_114748-scaled.jpg'><img loading=\"lazy\" decoding=\"async\" width=\"811\" height=\"1024\" src=\"https:\/\/diegggmars.art\/wp-content\/uploads\/2025\/02\/IMG_20250105_114748-811x1024.jpg\" class=\"attachment-large size-large\" alt=\"\" srcset=\"https:\/\/diegggmars.art\/wp-content\/uploads\/2025\/02\/IMG_20250105_114748-811x1024.jpg 811w, https:\/\/diegggmars.art\/wp-content\/uploads\/2025\/02\/IMG_20250105_114748-238x300.jpg 238w, https:\/\/diegggmars.art\/wp-content\/uploads\/2025\/02\/IMG_20250105_114748-768x969.jpg 768w, https:\/\/diegggmars.art\/wp-content\/uploads\/2025\/02\/IMG_20250105_114748-1217x1536.jpg 1217w, https:\/\/diegggmars.art\/wp-content\/uploads\/2025\/02\/IMG_20250105_114748-1623x2048.jpg 1623w, https:\/\/diegggmars.art\/wp-content\/uploads\/2025\/02\/IMG_20250105_114748-1x1.jpg 1w, https:\/\/diegggmars.art\/wp-content\/uploads\/2025\/02\/IMG_20250105_114748-scaled.jpg 2028w\" sizes=\"(max-width: 811px) 100vw, 811px\" \/><\/a>\n\t\t\t<\/div><\/figure><figure class='gallery-item'>\n\t\t\t<div class='gallery-icon portrait'>\n\t\t\t\t<a data-elementor-open-lightbox=\"yes\" data-elementor-lightbox-slideshow=\"896037d\" data-elementor-lightbox-title=\"IMG_20210905_211416\" data-e-action-hash=\"#elementor-action%3Aaction%3Dlightbox%26settings%3DeyJpZCI6Mzk0LCJ1cmwiOiJodHRwczpcL1wvZGllZ2dnbWFycy5hcnRcL3dwLWNvbnRlbnRcL3VwbG9hZHNcLzIwMjRcLzAyXC9JTUdfMjAyMTA5MDVfMjExNDE2LXNjYWxlZC5qcGciLCJzbGlkZXNob3ciOiI4OTYwMzdkIn0%3D\" href='https:\/\/diegggmars.art\/wp-content\/uploads\/2024\/02\/IMG_20210905_211416-scaled.jpg'><img loading=\"lazy\" decoding=\"async\" width=\"605\" height=\"1024\" src=\"https:\/\/diegggmars.art\/wp-content\/uploads\/2024\/02\/IMG_20210905_211416-605x1024.jpg\" class=\"attachment-large size-large\" alt=\"\" srcset=\"https:\/\/diegggmars.art\/wp-content\/uploads\/2024\/02\/IMG_20210905_211416-605x1024.jpg 605w, https:\/\/diegggmars.art\/wp-content\/uploads\/2024\/02\/IMG_20210905_211416-177x300.jpg 177w, https:\/\/diegggmars.art\/wp-content\/uploads\/2024\/02\/IMG_20210905_211416-768x1299.jpg 768w, https:\/\/diegggmars.art\/wp-content\/uploads\/2024\/02\/IMG_20210905_211416-908x1536.jpg 908w, https:\/\/diegggmars.art\/wp-content\/uploads\/2024\/02\/IMG_20210905_211416-1211x2048.jpg 1211w, https:\/\/diegggmars.art\/wp-content\/uploads\/2024\/02\/IMG_20210905_211416-1x2.jpg 1w, https:\/\/diegggmars.art\/wp-content\/uploads\/2024\/02\/IMG_20210905_211416-scaled.jpg 1513w\" sizes=\"(max-width: 605px) 100vw, 605px\" \/><\/a>\n\t\t\t<\/div><\/figure><figure class='gallery-item'>\n\t\t\t<div class='gallery-icon landscape'>\n\t\t\t\t<a data-elementor-open-lightbox=\"yes\" data-elementor-lightbox-slideshow=\"896037d\" data-elementor-lightbox-title=\"IMG_20250126_134731\" data-e-action-hash=\"#elementor-action%3Aaction%3Dlightbox%26settings%3DeyJpZCI6NDcxLCJ1cmwiOiJodHRwczpcL1wvZGllZ2dnbWFycy5hcnRcL3dwLWNvbnRlbnRcL3VwbG9hZHNcLzIwMjVcLzAyXC9JTUdfMjAyNTAxMjZfMTM0NzMxLXNjYWxlZC5qcGciLCJzbGlkZXNob3ciOiI4OTYwMzdkIn0%3D\" href='https:\/\/diegggmars.art\/wp-content\/uploads\/2025\/02\/IMG_20250126_134731-scaled.jpg'><img loading=\"lazy\" decoding=\"async\" width=\"1024\" height=\"1005\" src=\"https:\/\/diegggmars.art\/wp-content\/uploads\/2025\/02\/IMG_20250126_134731-1024x1005.jpg\" class=\"attachment-large size-large\" alt=\"\" srcset=\"https:\/\/diegggmars.art\/wp-content\/uploads\/2025\/02\/IMG_20250126_134731-1024x1005.jpg 1024w, https:\/\/diegggmars.art\/wp-content\/uploads\/2025\/02\/IMG_20250126_134731-300x295.jpg 300w, https:\/\/diegggmars.art\/wp-content\/uploads\/2025\/02\/IMG_20250126_134731-768x754.jpg 768w, https:\/\/diegggmars.art\/wp-content\/uploads\/2025\/02\/IMG_20250126_134731-1536x1508.jpg 1536w, https:\/\/diegggmars.art\/wp-content\/uploads\/2025\/02\/IMG_20250126_134731-2048x2011.jpg 2048w, https:\/\/diegggmars.art\/wp-content\/uploads\/2025\/02\/IMG_20250126_134731-1x1.jpg 1w\" sizes=\"(max-width: 1024px) 100vw, 1024px\" \/><\/a>\n\t\t\t<\/div><\/figure>\n\t\t<\/div>\n\t\t<\/div>\n\t\t\t\t\t\t<\/div>\n\t\t\t\t\t<\/div>\n\t\t\t\t<\/div>\n\t\t<div class=\"elementor-element elementor-element-435e0f6 e-flex e-con-boxed e-con e-parent\" data-id=\"435e0f6\" data-element_type=\"container\" data-e-type=\"container\">\n\t\t\t\t\t<div class=\"e-con-inner\">\n\t\t<div class=\"elementor-element elementor-element-96408cb e-con-full e-flex e-con e-child\" data-id=\"96408cb\" data-element_type=\"container\" data-e-type=\"container\">\n\t\t\t\t<div class=\"elementor-element elementor-element-df1f3fd elementor-widget elementor-widget-text-editor\" data-id=\"df1f3fd\" data-element_type=\"widget\" data-e-type=\"widget\" data-widget_type=\"text-editor.default\">\n\t\t\t\t\t\t\t\t\t<p>\u00ab La libert\u00e9 de cr\u00e9ation avant tout \u2014 les prix s&rsquo;adaptent, les \u0153uvres durent. \u00bb<\/p>\t\t\t\t\t\t\t\t<\/div>\n\t\t\t\t<\/div>\n\t\t<div class=\"elementor-element elementor-element-5bd3118 e-con-full e-flex e-con e-child\" data-id=\"5bd3118\" data-element_type=\"container\" data-e-type=\"container\">\n\t\t\t\t<div class=\"elementor-element elementor-element-af4bc64 elementor-drop-cap-yes elementor-drop-cap-view-default elementor-widget elementor-widget-text-editor\" data-id=\"af4bc64\" data-element_type=\"widget\" data-e-type=\"widget\" data-settings=\"{&quot;drop_cap&quot;:&quot;yes&quot;}\" data-widget_type=\"text-editor.default\">\n\t\t\t\t\t\t\t\t\t<p><strong>Dieggg Mars<\/strong>\u00a0est un artiste professionnel dont les cr\u00e9ations couvrent la peinture sur toile, les supports m\u00e9talliques con\u00e7us pour l&rsquo;ext\u00e9rieur, et la sculpture conceptuelle. Ses \u0153uvres sont vendues en direct, payables en cryptomonnaies. Chaque pi\u00e8ce est certifi\u00e9e via NFT pour en garantir l&rsquo;authenticit\u00e9.<\/p>\t\t\t\t\t\t\t\t<\/div>\n\t\t\t\t<\/div>\n\t\t\t\t\t<\/div>\n\t\t\t\t<\/div>\n\t\t\t\t<\/div>\n\t\t","protected":false},"excerpt":{"rendered":"<p>Artiste peintre et plasticien Art brut &amp; Mati\u00e8re Peintures sur toile, supports m\u00e9talliques et sculptures conceptuelles. Des \u0153uvres disponibles \u00e0 [&hellip;]<\/p>\n","protected":false},"author":1,"featured_media":0,"parent":0,"menu_order":0,"comment_status":"closed","ping_status":"closed","template":"","meta":{"_uag_custom_page_level_css":"","site-sidebar-layout":"no-sidebar","site-content-layout":"","ast-site-content-layout":"full-width-container","site-content-style":"default","site-sidebar-style":"default","ast-global-header-display":"","ast-banner-title-visibility":"","ast-main-header-display":"","ast-hfb-above-header-display":"","ast-hfb-below-header-display":"","ast-hfb-mobile-header-display":"","site-post-title":"disabled","ast-breadcrumbs-content":"","ast-featured-img":"disabled","footer-sml-layout":"","ast-disable-related-posts":"","theme-transparent-header-meta":"","adv-header-id-meta":"","stick-header-meta":"","header-above-stick-meta":"","header-main-stick-meta":"","header-below-stick-meta":"","astra-migrate-meta-layouts":"default","ast-page-background-enabled":"default","ast-page-background-meta":{"desktop":{"background-color":"var(--ast-global-color-5)","background-image":"","background-repeat":"repeat","background-position":"center center","background-size":"auto","background-attachment":"scroll","background-type":"","background-media":"","overlay-type":"","overlay-color":"","overlay-opacity":"","overlay-gradient":""},"tablet":{"background-color":"","background-image":"","background-repeat":"repeat","background-position":"center center","background-size":"auto","background-attachment":"scroll","background-type":"","background-media":"","overlay-type":"","overlay-color":"","overlay-opacity":"","overlay-gradient":""},"mobile":{"background-color":"","background-image":"","background-repeat":"repeat","background-position":"center center","background-size":"auto","background-attachment":"scroll","background-type":"","background-media":"","overlay-type":"","overlay-color":"","overlay-opacity":"","overlay-gradient":""}},"ast-content-background-meta":{"desktop":{"background-color":"var(--ast-global-color-4)","background-image":"","background-repeat":"repeat","background-position":"center center","background-size":"auto","background-attachment":"scroll","background-type":"","background-media":"","overlay-type":"","overlay-color":"","overlay-opacity":"","overlay-gradient":""},"tablet":{"background-color":"var(--ast-global-color-4)","background-image":"","background-repeat":"repeat","background-position":"center center","background-size":"auto","background-attachment":"scroll","background-type":"","background-media":"","overlay-type":"","overlay-color":"","overlay-opacity":"","overlay-gradient":""},"mobile":{"background-color":"var(--ast-global-color-4)","background-image":"","background-repeat":"repeat","background-position":"center center","background-size":"auto","background-attachment":"scroll","background-type":"","background-media":"","overlay-type":"","overlay-color":"","overlay-opacity":"","overlay-gradient":""}},"footnotes":""},"class_list":["post-504","page","type-page","status-publish","hentry"],"uagb_featured_image_src":{"full":false,"thumbnail":false,"medium":false,"medium_large":false,"large":false,"1536x1536":false,"2048x2048":false},"uagb_author_info":{"display_name":"admin9523","author_link":"https:\/\/diegggmars.art\/index.php\/author\/admin9523\/"},"uagb_comment_info":0,"uagb_excerpt":"Artiste peintre et plasticien Art brut &amp; Mati\u00e8re Peintures sur toile, supports m\u00e9talliques et sculptures conceptuelles. Des \u0153uvres disponibles \u00e0 [&hellip;]","_links":{"self":[{"href":"https:\/\/diegggmars.art\/index.php\/wp-json\/wp\/v2\/pages\/504","targetHints":{"allow":["GET"]}}],"collection":[{"href":"https:\/\/diegggmars.art\/index.php\/wp-json\/wp\/v2\/pages"}],"about":[{"href":"https:\/\/diegggmars.art\/index.php\/wp-json\/wp\/v2\/types\/page"}],"author":[{"embeddable":true,"href":"https:\/\/diegggmars.art\/index.php\/wp-json\/wp\/v2\/users\/1"}],"replies":[{"embeddable":true,"href":"https:\/\/diegggmars.art\/index.php\/wp-json\/wp\/v2\/comments?post=504"}],"version-history":[{"count":40,"href":"https:\/\/diegggmars.art\/index.php\/wp-json\/wp\/v2\/pages\/504\/revisions"}],"predecessor-version":[{"id":552,"href":"https:\/\/diegggmars.art\/index.php\/wp-json\/wp\/v2\/pages\/504\/revisions\/552"}],"wp:attachment":[{"href":"https:\/\/diegggmars.art\/index.php\/wp-json\/wp\/v2\/media?parent=504"}],"curies":[{"name":"wp","href":"https:\/\/api.w.org\/{rel}","templated":true}]}}