{"id":374,"date":"2024-02-02T11:54:58","date_gmt":"2024-02-02T10:54:58","guid":{"rendered":"http:\/\/diegggmars.art\/?page_id=374"},"modified":"2025-02-05T19:29:52","modified_gmt":"2025-02-05T18:29:52","slug":"accueil","status":"publish","type":"page","link":"https:\/\/diegggmars.art\/","title":{"rendered":"Accueil"},"content":{"rendered":"\n<figure class=\"wp-block-image size-full\"><img loading=\"lazy\" decoding=\"async\" width=\"1772\" height=\"199\" src=\"http:\/\/diegggmars.art\/wp-content\/uploads\/2024\/01\/IMG_20240102_215538-bis.jpg\" alt=\"\" class=\"wp-image-345\" srcset=\"https:\/\/diegggmars.art\/wp-content\/uploads\/2024\/01\/IMG_20240102_215538-bis.jpg 1772w, https:\/\/diegggmars.art\/wp-content\/uploads\/2024\/01\/IMG_20240102_215538-bis-300x34.jpg 300w, https:\/\/diegggmars.art\/wp-content\/uploads\/2024\/01\/IMG_20240102_215538-bis-1024x115.jpg 1024w, https:\/\/diegggmars.art\/wp-content\/uploads\/2024\/01\/IMG_20240102_215538-bis-768x86.jpg 768w, https:\/\/diegggmars.art\/wp-content\/uploads\/2024\/01\/IMG_20240102_215538-bis-1536x172.jpg 1536w, https:\/\/diegggmars.art\/wp-content\/uploads\/2024\/01\/IMG_20240102_215538-bis-1x1.jpg 1w\" sizes=\"auto, (max-width: 1772px) 100vw, 1772px\" \/><\/figure>\n\n\n\n<p>Bienvenue sur mon site. Vous y trouverez un aper\u00e7u de mes cr\u00e9ations artistiques. Mes \u0153uvres sont essentiellement des peintures sur toile mais aussi sur des supports m\u00e9talliques pouvant rester \u00e0 l\u2019ext\u00e9rieur. Je r\u00e9alise aussi des sculptures conceptuelles. <\/p>\n\n\n\n<p>Sur ce site, vous pourrez \u00e9galement voir les expositions auxquelles je participe.<\/p>\n\n\n\n<p>Enfin, vous trouverez une section NFT. Les NFTs sont des objets num\u00e9riques qui sont infalsifiables et qui permettent d&rsquo;authentifier l&rsquo;objet en question. Les NFTS peuvent \u00eatre vendus mais je cr\u00e9e des NFTS afin d&rsquo;\u00e9viter d&rsquo;\u00eatre copi\u00e9. <\/p>\n\n\n\n<p>Mes \u0153uvres sont en vente directe. Une poign\u00e9e est en vente sur un site internet mais je peux int\u00e9grer sur ce site certaines \u0153uvres sur demande.<\/p>\n\n\n\n<p>Je suis un artiste professionnel car je vends mes \u0153uvres. Mon num\u00e9ro SIRET est le 94010532300015.<\/p>\n\n\n\n<p> Toutefois, je n&rsquo;en vis pas. cela me permet :<\/p>\n\n\n\n<ul class=\"wp-block-list\">\n<li>d&rsquo;avoir une libert\u00e9 de cr\u00e9ation <\/li>\n\n\n\n<li>de pratiquer les prix adaptables &#8230;.<\/li>\n\n\n\n<li>d&rsquo;avoir des \u0153uvres payables en cryptomonnaies<\/li>\n<\/ul>\n\n\n\n<p><\/p>\n","protected":false},"excerpt":{"rendered":"<p>Bienvenue sur mon site. Vous y trouverez un aper\u00e7u de mes cr\u00e9ations artistiques. Mes \u0153uvres sont essentiellement des peintures sur toile mais aussi sur des supports m\u00e9talliques pouvant rester \u00e0 l\u2019ext\u00e9rieur. Je r\u00e9alise aussi des sculptures conceptuelles. Sur ce site, vous pourrez \u00e9galement voir les expositions auxquelles je participe. Enfin, vous trouverez une section NFT. [&hellip;]<\/p>\n","protected":false},"author":1,"featured_media":346,"parent":0,"menu_order":0,"comment_status":"closed","ping_status":"closed","template":"","meta":{"_uag_custom_page_level_css":"","footnotes":""},"class_list":["post-374","page","type-page","status-publish","has-post-thumbnail","hentry"],"uagb_featured_image_src":{"full":["https:\/\/diegggmars.art\/wp-content\/uploads\/2024\/01\/cropped-IMG_20240102_215538-bis.jpg",240,26,false],"thumbnail":["https:\/\/diegggmars.art\/wp-content\/uploads\/2024\/01\/cropped-IMG_20240102_215538-bis-150x26.jpg",150,26,true],"medium":["https:\/\/diegggmars.art\/wp-content\/uploads\/2024\/01\/cropped-IMG_20240102_215538-bis.jpg",240,26,false],"medium_large":["https:\/\/diegggmars.art\/wp-content\/uploads\/2024\/01\/cropped-IMG_20240102_215538-bis.jpg",240,26,false],"large":["https:\/\/diegggmars.art\/wp-content\/uploads\/2024\/01\/cropped-IMG_20240102_215538-bis.jpg",240,26,false],"1536x1536":["https:\/\/diegggmars.art\/wp-content\/uploads\/2024\/01\/cropped-IMG_20240102_215538-bis.jpg",240,26,false],"2048x2048":["https:\/\/diegggmars.art\/wp-content\/uploads\/2024\/01\/cropped-IMG_20240102_215538-bis.jpg",240,26,false],"creative-lite-homepage-thumb":["https:\/\/diegggmars.art\/wp-content\/uploads\/2024\/01\/cropped-IMG_20240102_215538-bis-1x1.jpg",1,1,true]},"uagb_author_info":{"display_name":"admin9523","author_link":"https:\/\/diegggmars.art\/index.php\/author\/admin9523\/"},"uagb_comment_info":0,"uagb_excerpt":"Bienvenue sur mon site. Vous y trouverez un aper\u00e7u de mes cr\u00e9ations artistiques. Mes \u0153uvres sont essentiellement des peintures sur toile mais aussi sur des supports m\u00e9talliques pouvant rester \u00e0 l\u2019ext\u00e9rieur. Je r\u00e9alise aussi des sculptures conceptuelles. Sur ce site, vous pourrez \u00e9galement voir les expositions auxquelles je participe. Enfin, vous trouverez une section NFT.\u2026","_links":{"self":[{"href":"https:\/\/diegggmars.art\/index.php\/wp-json\/wp\/v2\/pages\/374","targetHints":{"allow":["GET"]}}],"collection":[{"href":"https:\/\/diegggmars.art\/index.php\/wp-json\/wp\/v2\/pages"}],"about":[{"href":"https:\/\/diegggmars.art\/index.php\/wp-json\/wp\/v2\/types\/page"}],"author":[{"embeddable":true,"href":"https:\/\/diegggmars.art\/index.php\/wp-json\/wp\/v2\/users\/1"}],"replies":[{"embeddable":true,"href":"https:\/\/diegggmars.art\/index.php\/wp-json\/wp\/v2\/comments?post=374"}],"version-history":[{"count":7,"href":"https:\/\/diegggmars.art\/index.php\/wp-json\/wp\/v2\/pages\/374\/revisions"}],"predecessor-version":[{"id":463,"href":"https:\/\/diegggmars.art\/index.php\/wp-json\/wp\/v2\/pages\/374\/revisions\/463"}],"wp:featuredmedia":[{"embeddable":true,"href":"https:\/\/diegggmars.art\/index.php\/wp-json\/wp\/v2\/media\/346"}],"wp:attachment":[{"href":"https:\/\/diegggmars.art\/index.php\/wp-json\/wp\/v2\/media?parent=374"}],"curies":[{"name":"wp","href":"https:\/\/api.w.org\/{rel}","templated":true}]}}