{"id":342,"date":"2024-02-04T11:53:14","date_gmt":"2024-02-04T10:53:14","guid":{"rendered":"https:\/\/diegggmars.art\/?page_id=342"},"modified":"2025-02-05T20:01:54","modified_gmt":"2025-02-05T19:01:54","slug":"peintures-exterieures","status":"publish","type":"page","link":"https:\/\/diegggmars.art\/index.php\/peintures-exterieures\/","title":{"rendered":"Peintures ext\u00e9rieures"},"content":{"rendered":"\n<p>Cette collection se compose d&rsquo;\u0153uvres peintes sur des mat\u00e9riaux m\u00e9talliques qui une fois vernis peuvent rester ind\u00e9finiment \u00e0 l&rsquo;ext\u00e9rieur.<\/p>\n\n\n\n<p>Certaines \u0153uvres sont d\u00e9j\u00e0 mont\u00e9es sur des supports mais toutes peuvent l&rsquo;\u00eatre.<\/p>\n\n\n\n<hr class=\"wp-block-separator has-alpha-channel-opacity\"\/>\n\n\n\n<h2 class=\"wp-block-heading\">India &amp; Juliet<\/h2>\n\n\n\n<p>ensemble de 2 panneaux m\u00e9talliques mont\u00e9s sur des supports en acier.<\/p>\n\n\n\n<p>Taille de chaque panneau : 76 x 21 cm<\/p>\n\n\n\n<p>Taille avec support : 145 cm de haut pour un emp\u00e2tement de 20 x 20cm.<\/p>\n\n\n\n<p>Poids de chaque panneau : environ 2kg<\/p>\n\n\n\n<p>Poids de chaque support environ 10kg.<\/p>\n\n\n\n<figure class=\"wp-block-gallery has-nested-images columns-default is-cropped wp-block-gallery-1 is-layout-flex wp-block-gallery-is-layout-flex\">\n<figure class=\"wp-block-image size-large\"><img loading=\"lazy\" decoding=\"async\" width=\"499\" height=\"1024\" data-id=\"402\" src=\"https:\/\/diegggmars.art\/wp-content\/uploads\/2024\/02\/morse-1-499x1024.jpg\" alt=\"\" class=\"wp-image-402\" srcset=\"https:\/\/diegggmars.art\/wp-content\/uploads\/2024\/02\/morse-1-499x1024.jpg 499w, https:\/\/diegggmars.art\/wp-content\/uploads\/2024\/02\/morse-1-146x300.jpg 146w, https:\/\/diegggmars.art\/wp-content\/uploads\/2024\/02\/morse-1-768x1575.jpg 768w, https:\/\/diegggmars.art\/wp-content\/uploads\/2024\/02\/morse-1-749x1536.jpg 749w, https:\/\/diegggmars.art\/wp-content\/uploads\/2024\/02\/morse-1-998x2048.jpg 998w, https:\/\/diegggmars.art\/wp-content\/uploads\/2024\/02\/morse-1-1x2.jpg 1w, https:\/\/diegggmars.art\/wp-content\/uploads\/2024\/02\/morse-1-scaled.jpg 1248w\" sizes=\"auto, (max-width: 499px) 100vw, 499px\" \/><figcaption class=\"wp-element-caption\">India<\/figcaption><\/figure>\n\n\n\n<figure class=\"wp-block-image size-large\"><img loading=\"lazy\" decoding=\"async\" width=\"583\" height=\"1024\" data-id=\"393\" src=\"https:\/\/diegggmars.art\/wp-content\/uploads\/2024\/02\/IMG_20210905_211218-583x1024.jpg\" alt=\"\" class=\"wp-image-393\" srcset=\"https:\/\/diegggmars.art\/wp-content\/uploads\/2024\/02\/IMG_20210905_211218-583x1024.jpg 583w, https:\/\/diegggmars.art\/wp-content\/uploads\/2024\/02\/IMG_20210905_211218-171x300.jpg 171w, https:\/\/diegggmars.art\/wp-content\/uploads\/2024\/02\/IMG_20210905_211218-768x1348.jpg 768w, https:\/\/diegggmars.art\/wp-content\/uploads\/2024\/02\/IMG_20210905_211218-875x1536.jpg 875w, https:\/\/diegggmars.art\/wp-content\/uploads\/2024\/02\/IMG_20210905_211218-1167x2048.jpg 1167w, https:\/\/diegggmars.art\/wp-content\/uploads\/2024\/02\/IMG_20210905_211218-1x2.jpg 1w, https:\/\/diegggmars.art\/wp-content\/uploads\/2024\/02\/IMG_20210905_211218.jpg 1242w\" sizes=\"auto, (max-width: 583px) 100vw, 583px\" \/><\/figure>\n\n\n\n<figure class=\"wp-block-image size-large\"><img loading=\"lazy\" decoding=\"async\" width=\"475\" height=\"1024\" data-id=\"403\" src=\"https:\/\/diegggmars.art\/wp-content\/uploads\/2024\/02\/morse2-475x1024.jpg\" alt=\"\" class=\"wp-image-403\" srcset=\"https:\/\/diegggmars.art\/wp-content\/uploads\/2024\/02\/morse2-475x1024.jpg 475w, https:\/\/diegggmars.art\/wp-content\/uploads\/2024\/02\/morse2-139x300.jpg 139w, https:\/\/diegggmars.art\/wp-content\/uploads\/2024\/02\/morse2-768x1655.jpg 768w, https:\/\/diegggmars.art\/wp-content\/uploads\/2024\/02\/morse2-713x1536.jpg 713w, https:\/\/diegggmars.art\/wp-content\/uploads\/2024\/02\/morse2-950x2048.jpg 950w, https:\/\/diegggmars.art\/wp-content\/uploads\/2024\/02\/morse2-1x2.jpg 1w, https:\/\/diegggmars.art\/wp-content\/uploads\/2024\/02\/morse2-scaled.jpg 1188w\" sizes=\"auto, (max-width: 475px) 100vw, 475px\" \/><figcaption class=\"wp-element-caption\">Juliet<\/figcaption><\/figure>\n<\/figure>\n\n\n\n<hr class=\"wp-block-separator has-alpha-channel-opacity\"\/>\n\n\n\n<h2 class=\"wp-block-heading\" id=\"ancre_voile\">La voile<\/h2>\n\n\n\n<p>Cette \u0153uvre est d\u00e9taill\u00e9e dans cette rubrique : <a href=\"https:\/\/diegggmars.art\/index.php\/a-c\/\" data-type=\"page\" data-id=\"327\">A-C<\/a><\/p>\n\n\n\n<p>Taille : 220cm de hauteur et 60 x 60cm de base.<\/p>\n\n\n\n<p>Poids approximatif : 30kg<\/p>\n\n\n\n<p>La base (lourde pour assurer la stabilit\u00e9 de l&rsquo;ensemble) peut se d\u00e9solidariser de la partie peinte. <\/p>\n\n\n\n<p><\/p>\n\n\n<div class=\"wp-block-image\">\n<figure class=\"aligncenter size-large\"><img loading=\"lazy\" decoding=\"async\" width=\"530\" height=\"1024\" src=\"http:\/\/diegggmars.art\/wp-content\/uploads\/2024\/02\/La-voile-530x1024.jpg\" alt=\"photo de la sculpture intitul\u00e9e &quot; La voile&quot;\" class=\"wp-image-405\" srcset=\"https:\/\/diegggmars.art\/wp-content\/uploads\/2024\/02\/La-voile-530x1024.jpg 530w, https:\/\/diegggmars.art\/wp-content\/uploads\/2024\/02\/La-voile-155x300.jpg 155w, https:\/\/diegggmars.art\/wp-content\/uploads\/2024\/02\/La-voile-768x1483.jpg 768w, https:\/\/diegggmars.art\/wp-content\/uploads\/2024\/02\/La-voile-795x1536.jpg 795w, https:\/\/diegggmars.art\/wp-content\/uploads\/2024\/02\/La-voile-1060x2048.jpg 1060w, https:\/\/diegggmars.art\/wp-content\/uploads\/2024\/02\/La-voile-1x2.jpg 1w, https:\/\/diegggmars.art\/wp-content\/uploads\/2024\/02\/La-voile-scaled.jpg 1326w\" sizes=\"auto, (max-width: 530px) 100vw, 530px\" \/><figcaption class=\"wp-element-caption\">\u00a0\u00bb La voile\u00a0\u00bb<\/figcaption><\/figure>\n<\/div>\n\n\n<p>concept : Cette \u0153uvre vous invite \u00e0 un voyage immobile \u00e0 travers votre imagination guid\u00e9e par la peinture abstraite (au premier regard) repr\u00e9sentant le tumulte de votre conscience et la lutte incessante du bien contre le mal dans vos pens\u00e9es.<\/p>\n\n\n\n<p>Prix largement n\u00e9gociable par rapport au prix affich\u00e9 \u00e0 l&rsquo;exposition (50%)<\/p>\n\n\n\n<hr class=\"wp-block-separator has-alpha-channel-opacity\"\/>\n\n\n\n<h2 class=\"wp-block-heading\">Le Spie<\/h2>\n\n\n<div class=\"wp-block-image\">\n<figure class=\"aligncenter size-large is-resized\"><img loading=\"lazy\" decoding=\"async\" width=\"474\" height=\"1024\" src=\"https:\/\/diegggmars.art\/wp-content\/uploads\/2024\/05\/IMG20240524153824-1-474x1024.jpg\" alt=\"\" class=\"wp-image-446\" style=\"width:425px;height:auto\" srcset=\"https:\/\/diegggmars.art\/wp-content\/uploads\/2024\/05\/IMG20240524153824-1-474x1024.jpg 474w, https:\/\/diegggmars.art\/wp-content\/uploads\/2024\/05\/IMG20240524153824-1-139x300.jpg 139w, https:\/\/diegggmars.art\/wp-content\/uploads\/2024\/05\/IMG20240524153824-1-768x1661.jpg 768w, https:\/\/diegggmars.art\/wp-content\/uploads\/2024\/05\/IMG20240524153824-1-710x1536.jpg 710w, https:\/\/diegggmars.art\/wp-content\/uploads\/2024\/05\/IMG20240524153824-1-947x2048.jpg 947w, https:\/\/diegggmars.art\/wp-content\/uploads\/2024\/05\/IMG20240524153824-1-1x2.jpg 1w, https:\/\/diegggmars.art\/wp-content\/uploads\/2024\/05\/IMG20240524153824-1-scaled.jpg 1184w\" sizes=\"auto, (max-width: 474px) 100vw, 474px\" \/><figcaption class=\"wp-element-caption\">Le spie<\/figcaption><\/figure>\n<\/div>\n\n\n<p>Cette \u0153uvre est d\u00e9taill\u00e9e dans cette rubrique : <a href=\"https:\/\/diegggmars.art\/index.php\/a-c\/\" data-type=\"page\" data-id=\"327\">A-C<\/a><\/p>\n\n\n\n<p>Taille : 220cm de hauteur et 60 x 60cm de base.<\/p>\n\n\n\n<p>Poids approximatif : 40kg<\/p>\n\n\n\n<p>La sculpture est en 3 parties d\u00e9montables :<\/p>\n\n\n\n<ul class=\"wp-block-list\">\n<li>le pied de 30kgs (assurant la stabilit\u00e9 de l&rsquo;ensemble)<\/li>\n\n\n\n<li>la \u00ab\u00a0tige\u00a0\u00bb l\u00e9g\u00e8re s&#8217;emboitant aux 2 extr\u00e9mit\u00e9s<\/li>\n\n\n\n<li>le pi\u00e8ce principale d&rsquo;environ 5kg  avec un profil\u00e9e soud\u00e9e du c\u00f4t\u00e9 int\u00e9rieure qui s&#8217;emboite dans la tige<\/li>\n<\/ul>\n\n\n\n<p>concept : Cette \u0153uvre vous invite \u00e0 un voyage immobile \u00e0 travers votre imagination guid\u00e9e par la peinture abstraite (au premier regard) repr\u00e9sentant la place de chacun dans notre soci\u00e9t\u00e9. Serez-vous capable de retrouver votre position?<\/p>\n\n\n\n<p>Prix largement n\u00e9gociable par rapport au prix affich\u00e9 \u00e0 l&rsquo;exposition (50%)<\/p>\n\n\n\n<div class=\"wp-block-uagb-separator uagb-block-48bc352a\"><div class=\"wp-block-uagb-separator__inner\" style=\"--my-background-image:\"><\/div><\/div>\n\n\n\n<h2 class=\"wp-block-heading\">Divers<\/h2>\n\n\n\n<p>Panneaux en acier galvanis\u00e9 sans support<\/p>\n\n\n\n<p>Dictature 84 x 52 cm<\/p>\n\n\n\n<p>Violence : 71 x 45 cm<\/p>\n\n\n\n<p>Tr\u00e9sor priv\u00e9 : 80 x 51 cm<\/p>\n\n\n\n<figure class=\"wp-block-gallery has-nested-images columns-default is-cropped wp-block-gallery-2 is-layout-flex wp-block-gallery-is-layout-flex\">\n<figure class=\"wp-block-image size-large\"><img loading=\"lazy\" decoding=\"async\" width=\"1000\" height=\"607\" data-id=\"211\" src=\"https:\/\/diegggmars.art\/wp-content\/uploads\/2021\/10\/image-5-e1707047760851.png\" alt=\"\" class=\"wp-image-211\" srcset=\"https:\/\/diegggmars.art\/wp-content\/uploads\/2021\/10\/image-5-e1707047760851.png 1000w, https:\/\/diegggmars.art\/wp-content\/uploads\/2021\/10\/image-5-e1707047760851-300x182.png 300w, https:\/\/diegggmars.art\/wp-content\/uploads\/2021\/10\/image-5-e1707047760851-1x1.png 1w, https:\/\/diegggmars.art\/wp-content\/uploads\/2021\/10\/image-5-e1707047760851-768x466.png 768w\" sizes=\"auto, (max-width: 1000px) 100vw, 1000px\" \/><figcaption class=\"wp-element-caption\">Violence<\/figcaption><\/figure>\n\n\n\n<figure class=\"wp-block-image size-large\"><img loading=\"lazy\" decoding=\"async\" width=\"650\" height=\"1024\" data-id=\"159\" src=\"https:\/\/diegggmars.art\/wp-content\/uploads\/2021\/10\/peinture-n\u00b0102-scaled-e1707047784509-650x1024.jpg\" alt=\"\" class=\"wp-image-159\" srcset=\"https:\/\/diegggmars.art\/wp-content\/uploads\/2021\/10\/peinture-n\u00b0102-scaled-e1707047784509-650x1024.jpg 650w, https:\/\/diegggmars.art\/wp-content\/uploads\/2021\/10\/peinture-n\u00b0102-scaled-e1707047784509-191x300.jpg 191w, https:\/\/diegggmars.art\/wp-content\/uploads\/2021\/10\/peinture-n\u00b0102-scaled-e1707047784509-768x1209.jpg 768w, https:\/\/diegggmars.art\/wp-content\/uploads\/2021\/10\/peinture-n\u00b0102-scaled-e1707047784509-976x1536.jpg 976w, https:\/\/diegggmars.art\/wp-content\/uploads\/2021\/10\/peinture-n\u00b0102-scaled-e1707047784509-1301x2048.jpg 1301w, https:\/\/diegggmars.art\/wp-content\/uploads\/2021\/10\/peinture-n\u00b0102-scaled-e1707047784509-1x2.jpg 1w, https:\/\/diegggmars.art\/wp-content\/uploads\/2021\/10\/peinture-n\u00b0102-scaled-e1707047784509.jpg 1626w\" sizes=\"auto, (max-width: 650px) 100vw, 650px\" \/><figcaption class=\"wp-element-caption\">Tr\u00e9sor priv\u00e9<\/figcaption><\/figure>\n\n\n\n<figure class=\"wp-block-image size-large\"><img loading=\"lazy\" decoding=\"async\" width=\"605\" height=\"1024\" data-id=\"406\" src=\"https:\/\/diegggmars.art\/wp-content\/uploads\/2024\/02\/IMG_20210905_211416-1-605x1024.jpg\" alt=\"\" class=\"wp-image-406\" srcset=\"https:\/\/diegggmars.art\/wp-content\/uploads\/2024\/02\/IMG_20210905_211416-1-605x1024.jpg 605w, https:\/\/diegggmars.art\/wp-content\/uploads\/2024\/02\/IMG_20210905_211416-1-177x300.jpg 177w, https:\/\/diegggmars.art\/wp-content\/uploads\/2024\/02\/IMG_20210905_211416-1-768x1299.jpg 768w, https:\/\/diegggmars.art\/wp-content\/uploads\/2024\/02\/IMG_20210905_211416-1-908x1536.jpg 908w, https:\/\/diegggmars.art\/wp-content\/uploads\/2024\/02\/IMG_20210905_211416-1-1211x2048.jpg 1211w, https:\/\/diegggmars.art\/wp-content\/uploads\/2024\/02\/IMG_20210905_211416-1-1x2.jpg 1w, https:\/\/diegggmars.art\/wp-content\/uploads\/2024\/02\/IMG_20210905_211416-1-scaled.jpg 1513w\" sizes=\"auto, (max-width: 605px) 100vw, 605px\" \/><figcaption class=\"wp-element-caption\">Dictature<\/figcaption><\/figure>\n<\/figure>\n\n\n\n<hr class=\"wp-block-separator has-alpha-channel-opacity\"\/>\n\n\n\n<h2 class=\"wp-block-heading\">La carte<\/h2>\n\n\n\n<p>Ancien panneau de circulation (achet\u00e9 dans une ferraillerie) en cours de reconversion.<\/p>\n\n\n\n<p>Le panneau sera avec un support.<\/p>\n\n\n\n<p>Il sera avec une s\u00e9rie de points style dot painting avec des couleurs bleut\u00e9es avec un d\u00e9grad\u00e9 au niveau de la zone claire.<\/p>\n\n\n<div class=\"wp-block-image\">\n<figure data-wp-context=\"{&quot;imageId&quot;:&quot;69d03a8191402&quot;}\" data-wp-interactive=\"core\/image\" data-wp-key=\"69d03a8191402\" class=\"aligncenter size-full is-resized wp-lightbox-container\"><img loading=\"lazy\" decoding=\"async\" width=\"2037\" height=\"2560\" data-wp-class--hide=\"state.isContentHidden\" data-wp-class--show=\"state.isContentVisible\" data-wp-init=\"callbacks.setButtonStyles\" data-wp-on--click=\"actions.showLightbox\" data-wp-on--load=\"callbacks.setButtonStyles\" data-wp-on-window--resize=\"callbacks.setButtonStyles\" src=\"https:\/\/diegggmars.art\/wp-content\/uploads\/2024\/02\/la-carte-en-construction-basse-resolution-scaled.jpg\" alt=\"\" class=\"wp-image-409\" style=\"width:408px;height:auto\" srcset=\"https:\/\/diegggmars.art\/wp-content\/uploads\/2024\/02\/la-carte-en-construction-basse-resolution-scaled.jpg 2037w, https:\/\/diegggmars.art\/wp-content\/uploads\/2024\/02\/la-carte-en-construction-basse-resolution-239x300.jpg 239w, https:\/\/diegggmars.art\/wp-content\/uploads\/2024\/02\/la-carte-en-construction-basse-resolution-815x1024.jpg 815w, https:\/\/diegggmars.art\/wp-content\/uploads\/2024\/02\/la-carte-en-construction-basse-resolution-768x965.jpg 768w, https:\/\/diegggmars.art\/wp-content\/uploads\/2024\/02\/la-carte-en-construction-basse-resolution-1222x1536.jpg 1222w, https:\/\/diegggmars.art\/wp-content\/uploads\/2024\/02\/la-carte-en-construction-basse-resolution-1629x2048.jpg 1629w, https:\/\/diegggmars.art\/wp-content\/uploads\/2024\/02\/la-carte-en-construction-basse-resolution-1x1.jpg 1w\" sizes=\"auto, (max-width: 2037px) 100vw, 2037px\" \/><button\n\t\t\tclass=\"lightbox-trigger\"\n\t\t\ttype=\"button\"\n\t\t\taria-haspopup=\"dialog\"\n\t\t\taria-label=\"Agrandir\"\n\t\t\tdata-wp-init=\"callbacks.initTriggerButton\"\n\t\t\tdata-wp-on--click=\"actions.showLightbox\"\n\t\t\tdata-wp-style--right=\"state.imageButtonRight\"\n\t\t\tdata-wp-style--top=\"state.imageButtonTop\"\n\t\t>\n\t\t\t<svg xmlns=\"http:\/\/www.w3.org\/2000\/svg\" width=\"12\" height=\"12\" fill=\"none\" viewBox=\"0 0 12 12\">\n\t\t\t\t<path fill=\"#fff\" d=\"M2 0a2 2 0 0 0-2 2v2h1.5V2a.5.5 0 0 1 .5-.5h2V0H2Zm2 10.5H2a.5.5 0 0 1-.5-.5V8H0v2a2 2 0 0 0 2 2h2v-1.5ZM8 12v-1.5h2a.5.5 0 0 0 .5-.5V8H12v2a2 2 0 0 1-2 2H8Zm2-12a2 2 0 0 1 2 2v2h-1.5V2a.5.5 0 0 0-.5-.5H8V0h2Z\" \/>\n\t\t\t<\/svg>\n\t\t<\/button><figcaption class=\"wp-element-caption\">La carte au d\u00e9but du processus de cr\u00e9ation<\/figcaption><\/figure>\n<\/div>\n\n\n<figure class=\"wp-block-image size-large\"><img loading=\"lazy\" decoding=\"async\" width=\"1024\" height=\"1005\" src=\"http:\/\/diegggmars.art\/wp-content\/uploads\/2025\/02\/IMG_20250126_134731-1024x1005.jpg\" alt=\"\" class=\"wp-image-471\" srcset=\"https:\/\/diegggmars.art\/wp-content\/uploads\/2025\/02\/IMG_20250126_134731-1024x1005.jpg 1024w, https:\/\/diegggmars.art\/wp-content\/uploads\/2025\/02\/IMG_20250126_134731-300x295.jpg 300w, https:\/\/diegggmars.art\/wp-content\/uploads\/2025\/02\/IMG_20250126_134731-768x754.jpg 768w, https:\/\/diegggmars.art\/wp-content\/uploads\/2025\/02\/IMG_20250126_134731-1536x1508.jpg 1536w, https:\/\/diegggmars.art\/wp-content\/uploads\/2025\/02\/IMG_20250126_134731-2048x2011.jpg 2048w, https:\/\/diegggmars.art\/wp-content\/uploads\/2025\/02\/IMG_20250126_134731-1x1.jpg 1w\" sizes=\"auto, (max-width: 1024px) 100vw, 1024px\" \/><figcaption class=\"wp-element-caption\">La carte en fin de processus de cr\u00e9ation<\/figcaption><\/figure>\n\n\n\n<p><\/p>\n","protected":false},"excerpt":{"rendered":"<p>Cette collection se compose d&rsquo;\u0153uvres peintes sur des mat\u00e9riaux m\u00e9talliques qui une fois vernis peuvent rester ind\u00e9finiment \u00e0 l&rsquo;ext\u00e9rieur. Certaines \u0153uvres sont d\u00e9j\u00e0 mont\u00e9es sur des supports mais toutes peuvent l&rsquo;\u00eatre. India &amp; Juliet ensemble de 2 panneaux m\u00e9talliques mont\u00e9s sur des supports en acier. Taille de chaque panneau : 76 x 21 cm Taille [&hellip;]<\/p>\n","protected":false},"author":1,"featured_media":0,"parent":0,"menu_order":0,"comment_status":"closed","ping_status":"closed","template":"","meta":{"_uag_custom_page_level_css":"","footnotes":""},"class_list":["post-342","page","type-page","status-publish","hentry"],"uagb_featured_image_src":{"full":false,"thumbnail":false,"medium":false,"medium_large":false,"large":false,"1536x1536":false,"2048x2048":false,"creative-lite-homepage-thumb":false},"uagb_author_info":{"display_name":"admin9523","author_link":"https:\/\/diegggmars.art\/index.php\/author\/admin9523\/"},"uagb_comment_info":0,"uagb_excerpt":"Cette collection se compose d&rsquo;\u0153uvres peintes sur des mat\u00e9riaux m\u00e9talliques qui une fois vernis peuvent rester ind\u00e9finiment \u00e0 l&rsquo;ext\u00e9rieur. Certaines \u0153uvres sont d\u00e9j\u00e0 mont\u00e9es sur des supports mais toutes peuvent l&rsquo;\u00eatre. India &amp; Juliet ensemble de 2 panneaux m\u00e9talliques mont\u00e9s sur des supports en acier. Taille de chaque panneau : 76 x 21 cm Taille\u2026","_links":{"self":[{"href":"https:\/\/diegggmars.art\/index.php\/wp-json\/wp\/v2\/pages\/342","targetHints":{"allow":["GET"]}}],"collection":[{"href":"https:\/\/diegggmars.art\/index.php\/wp-json\/wp\/v2\/pages"}],"about":[{"href":"https:\/\/diegggmars.art\/index.php\/wp-json\/wp\/v2\/types\/page"}],"author":[{"embeddable":true,"href":"https:\/\/diegggmars.art\/index.php\/wp-json\/wp\/v2\/users\/1"}],"replies":[{"embeddable":true,"href":"https:\/\/diegggmars.art\/index.php\/wp-json\/wp\/v2\/comments?post=342"}],"version-history":[{"count":12,"href":"https:\/\/diegggmars.art\/index.php\/wp-json\/wp\/v2\/pages\/342\/revisions"}],"predecessor-version":[{"id":481,"href":"https:\/\/diegggmars.art\/index.php\/wp-json\/wp\/v2\/pages\/342\/revisions\/481"}],"wp:attachment":[{"href":"https:\/\/diegggmars.art\/index.php\/wp-json\/wp\/v2\/media?parent=342"}],"curies":[{"name":"wp","href":"https:\/\/api.w.org\/{rel}","templated":true}]}}