{"id":331,"date":"2023-11-21T11:57:08","date_gmt":"2023-11-21T10:57:08","guid":{"rendered":"https:\/\/diegggmars.art\/?page_id=331"},"modified":"2023-11-21T11:57:08","modified_gmt":"2023-11-21T10:57:08","slug":"crunc","status":"publish","type":"page","link":"https:\/\/diegggmars.art\/index.php\/crunc\/","title":{"rendered":"CrunC"},"content":{"rendered":"\n<figure class=\"wp-block-image size-large\"><img loading=\"lazy\" decoding=\"async\" width=\"1024\" height=\"576\" src=\"http:\/\/diegggmars.art\/wp-content\/uploads\/2023\/11\/image-fond-site-1024x576.png\" alt=\"\" class=\"wp-image-333\" srcset=\"https:\/\/diegggmars.art\/wp-content\/uploads\/2023\/11\/image-fond-site-1024x576.png 1024w, https:\/\/diegggmars.art\/wp-content\/uploads\/2023\/11\/image-fond-site-300x169.png 300w, https:\/\/diegggmars.art\/wp-content\/uploads\/2023\/11\/image-fond-site-768x432.png 768w, https:\/\/diegggmars.art\/wp-content\/uploads\/2023\/11\/image-fond-site-1x1.png 1w, https:\/\/diegggmars.art\/wp-content\/uploads\/2023\/11\/image-fond-site.png 1200w\" sizes=\"auto, (max-width: 1024px) 100vw, 1024px\" \/><\/figure>\n\n\n\n<p><strong>Crypto Run Challenge<\/strong> ou CrunC est un d\u00e9fi de marche et\/ou course \u00e0 pied connect\u00e9 qui a lieu un dimanche par mois . Chaque joueur (pr\u00e9-enregistr\u00e9) parcourt la plus grande distance possible \u00e0 pied durant ces 24h. Il peut faire autant de sessions qu\u2019il souhaite durant cette journ\u00e9e. Le minimum impos\u00e9 pour \u00eatre qualifi\u00e9 de joueur est 5 km (sur la totalit\u00e9 de la journ\u00e9e) et le maximum d\u00e9pend de vous. les donn\u00e9es de course sont envoy\u00e9s sur Strava pour r\u00e9aliser un classement. Chaque participant obtient des r\u00e9compenses.<\/p>\n\n\n\n<p>Plus d&rsquo;infos sur le site : <a href=\"http:\/\/www.cryptorunchallenge.fr\">www.cryptorunchallenge.fr<\/a><\/p>\n\n\n\n<p><\/p>\n","protected":false},"excerpt":{"rendered":"<p>Crypto Run Challenge ou CrunC est un d\u00e9fi de marche et\/ou course \u00e0 pied connect\u00e9 qui a lieu un dimanche [&hellip;]<\/p>\n","protected":false},"author":1,"featured_media":0,"parent":0,"menu_order":0,"comment_status":"closed","ping_status":"closed","template":"","meta":{"_uag_custom_page_level_css":"","site-sidebar-layout":"default","site-content-layout":"","ast-site-content-layout":"default","site-content-style":"default","site-sidebar-style":"default","ast-global-header-display":"","ast-banner-title-visibility":"","ast-main-header-display":"","ast-hfb-above-header-display":"","ast-hfb-below-header-display":"","ast-hfb-mobile-header-display":"","site-post-title":"","ast-breadcrumbs-content":"","ast-featured-img":"","footer-sml-layout":"","ast-disable-related-posts":"","theme-transparent-header-meta":"","adv-header-id-meta":"","stick-header-meta":"","header-above-stick-meta":"","header-main-stick-meta":"","header-below-stick-meta":"","astra-migrate-meta-layouts":"default","ast-page-background-enabled":"default","ast-page-background-meta":{"desktop":{"background-color":"var(--ast-global-color-5)","background-image":"","background-repeat":"repeat","background-position":"center center","background-size":"auto","background-attachment":"scroll","background-type":"","background-media":"","overlay-type":"","overlay-color":"","overlay-opacity":"","overlay-gradient":""},"tablet":{"background-color":"","background-image":"","background-repeat":"repeat","background-position":"center center","background-size":"auto","background-attachment":"scroll","background-type":"","background-media":"","overlay-type":"","overlay-color":"","overlay-opacity":"","overlay-gradient":""},"mobile":{"background-color":"","background-image":"","background-repeat":"repeat","background-position":"center center","background-size":"auto","background-attachment":"scroll","background-type":"","background-media":"","overlay-type":"","overlay-color":"","overlay-opacity":"","overlay-gradient":""}},"ast-content-background-meta":{"desktop":{"background-color":"var(--ast-global-color-4)","background-image":"","background-repeat":"repeat","background-position":"center center","background-size":"auto","background-attachment":"scroll","background-type":"","background-media":"","overlay-type":"","overlay-color":"","overlay-opacity":"","overlay-gradient":""},"tablet":{"background-color":"var(--ast-global-color-4)","background-image":"","background-repeat":"repeat","background-position":"center center","background-size":"auto","background-attachment":"scroll","background-type":"","background-media":"","overlay-type":"","overlay-color":"","overlay-opacity":"","overlay-gradient":""},"mobile":{"background-color":"var(--ast-global-color-4)","background-image":"","background-repeat":"repeat","background-position":"center center","background-size":"auto","background-attachment":"scroll","background-type":"","background-media":"","overlay-type":"","overlay-color":"","overlay-opacity":"","overlay-gradient":""}},"footnotes":""},"class_list":["post-331","page","type-page","status-publish","hentry"],"uagb_featured_image_src":{"full":false,"thumbnail":false,"medium":false,"medium_large":false,"large":false,"1536x1536":false,"2048x2048":false},"uagb_author_info":{"display_name":"admin9523","author_link":"https:\/\/diegggmars.art\/index.php\/author\/admin9523\/"},"uagb_comment_info":0,"uagb_excerpt":"Crypto Run Challenge ou CrunC est un d\u00e9fi de marche et\/ou course \u00e0 pied connect\u00e9 qui a lieu un dimanche [&hellip;]","_links":{"self":[{"href":"https:\/\/diegggmars.art\/index.php\/wp-json\/wp\/v2\/pages\/331","targetHints":{"allow":["GET"]}}],"collection":[{"href":"https:\/\/diegggmars.art\/index.php\/wp-json\/wp\/v2\/pages"}],"about":[{"href":"https:\/\/diegggmars.art\/index.php\/wp-json\/wp\/v2\/types\/page"}],"author":[{"embeddable":true,"href":"https:\/\/diegggmars.art\/index.php\/wp-json\/wp\/v2\/users\/1"}],"replies":[{"embeddable":true,"href":"https:\/\/diegggmars.art\/index.php\/wp-json\/wp\/v2\/comments?post=331"}],"version-history":[{"count":1,"href":"https:\/\/diegggmars.art\/index.php\/wp-json\/wp\/v2\/pages\/331\/revisions"}],"predecessor-version":[{"id":334,"href":"https:\/\/diegggmars.art\/index.php\/wp-json\/wp\/v2\/pages\/331\/revisions\/334"}],"wp:attachment":[{"href":"https:\/\/diegggmars.art\/index.php\/wp-json\/wp\/v2\/media?parent=331"}],"curies":[{"name":"wp","href":"https:\/\/api.w.org\/{rel}","templated":true}]}}