{"id":327,"date":"2023-11-20T17:49:17","date_gmt":"2023-11-20T16:49:17","guid":{"rendered":"http:\/\/diegggmars.art\/?page_id=327"},"modified":"2024-05-24T23:51:40","modified_gmt":"2024-05-24T21:51:40","slug":"a-c","status":"publish","type":"page","link":"https:\/\/diegggmars.art\/index.php\/a-c\/","title":{"rendered":"A-C"},"content":{"rendered":"\n<h1 class=\"wp-block-heading\"> L&rsquo;art conceptuel !!!!!!!!!!!<\/h1>\n\n\n<div class=\"wp-block-image\">\n<figure class=\"aligncenter size-medium\"><img loading=\"lazy\" decoding=\"async\" width=\"300\" height=\"300\" src=\"https:\/\/diegggmars.art\/wp-content\/uploads\/2024\/02\/mr_dieggg_une_image_representant_lart_conceptuel_comme_Duchamp__3bd60ea8-37f0-489b-87d3-f9db7683e4cf-300x300.png\" alt=\"\" class=\"wp-image-390\" srcset=\"https:\/\/diegggmars.art\/wp-content\/uploads\/2024\/02\/mr_dieggg_une_image_representant_lart_conceptuel_comme_Duchamp__3bd60ea8-37f0-489b-87d3-f9db7683e4cf-300x300.png 300w, https:\/\/diegggmars.art\/wp-content\/uploads\/2024\/02\/mr_dieggg_une_image_representant_lart_conceptuel_comme_Duchamp__3bd60ea8-37f0-489b-87d3-f9db7683e4cf-150x150.png 150w, https:\/\/diegggmars.art\/wp-content\/uploads\/2024\/02\/mr_dieggg_une_image_representant_lart_conceptuel_comme_Duchamp__3bd60ea8-37f0-489b-87d3-f9db7683e4cf-768x768.png 768w, https:\/\/diegggmars.art\/wp-content\/uploads\/2024\/02\/mr_dieggg_une_image_representant_lart_conceptuel_comme_Duchamp__3bd60ea8-37f0-489b-87d3-f9db7683e4cf-1x1.png 1w, https:\/\/diegggmars.art\/wp-content\/uploads\/2024\/02\/mr_dieggg_une_image_representant_lart_conceptuel_comme_Duchamp__3bd60ea8-37f0-489b-87d3-f9db7683e4cf.png 1024w\" sizes=\"auto, (max-width: 300px) 100vw, 300px\" \/><figcaption class=\"wp-element-caption\"><strong>une image repr\u00e9sentant l&rsquo;art conceptuel<\/strong> par l&rsquo;IA <a href=\"https:\/\/www.midjourney.com\/explore\">Midjourney<\/a><\/figcaption><\/figure>\n<\/div>\n\n\n<p><\/p>\n\n\n\n<p>Cette page rassemble des \u0153uvres  issues de la r\u00e9alisation d&rsquo;un objet esth\u00e9tique \u00e0 partir d&rsquo;une id\u00e9e, d&rsquo;un concept. de plus, elles ont r\u00e9alis\u00e9es \u00e0 partir de mat\u00e9riaux r\u00e9cup\u00e9r\u00e9s la plupart du temps ou achet\u00e9 dans des magasins de seconde vie. Enfin, elles sont une conception d&rsquo;apparence simple. Pour toute ces raison, elles sont \u00e0 la fronti\u00e8re de l\u2019art brut, l\u2019art pauvre et l\u2019art conceptuel. Toutefois, c&rsquo;est \u00e0 l&rsquo;Art Conceptuel (A-C) que revient la plus belle part. <\/p>\n\n\n\n<p>Elles sont faites \u00e0 partir est de bois, acier, inox, plastique, cendre et r\u00e9sine et peinture. <\/p>\n\n\n\n<p>Personnellement, je pense que ce type d\u2019\u0153uvre n\u00e9cessite une explication de l\u2019auteur pour que le public puisse les appr\u00e9hender sans la rejeter d\u2019embl\u00e9e et comprennent le cheminement de l\u2019artiste. On y adh\u00e8re ou pas mais on admet qu\u2019il y a une r\u00e9flexion. <\/p>\n\n\n\n<p>Voici un lien qui explique rapidement et simplement le concept d&rsquo;Art conceptuel :<\/p>\n\n\n\n<figure class=\"wp-block-embed is-type-wp-embed is-provider-magazine-artsper wp-block-embed-magazine-artsper\"><div class=\"wp-block-embed__wrapper\">\n<blockquote class=\"wp-embedded-content\" data-secret=\"MMjdKhgaTT\"><a href=\"https:\/\/blog.artsper.com\/fr\/la-minute-arty\/petit-guide-de-lart-conceptuel\/\">Petit guide de l&rsquo;art conceptuel<\/a><\/blockquote><iframe loading=\"lazy\" class=\"wp-embedded-content\" sandbox=\"allow-scripts\" security=\"restricted\" style=\"position: absolute; clip: rect(1px, 1px, 1px, 1px);\" title=\"\u00ab\u00a0Petit guide de l&rsquo;art conceptuel\u00a0\u00bb &#8212; Magazine Artsper\" src=\"https:\/\/blog.artsper.com\/fr\/la-minute-arty\/petit-guide-de-lart-conceptuel\/embed\/#?secret=DHCd5BA496#?secret=MMjdKhgaTT\" data-secret=\"MMjdKhgaTT\" width=\"500\" height=\"282\" frameborder=\"0\" marginwidth=\"0\" marginheight=\"0\" scrolling=\"no\"><\/iframe>\n<\/div><figcaption class=\"wp-element-caption\"><em>Page AC de https:\/\/blog.artsper.com\/fr<\/em><\/figcaption><\/figure>\n\n\n\n<p><\/p>\n\n\n\n<p>Les \u0153uvres sont pr\u00e9sent\u00e9e dans une  des collections sur le temps, la religion, et &#8230; hors collection.<\/p>\n\n\n\n<p>.<\/p>\n\n\n\n<p><\/p>\n\n\n\n<h1 class=\"wp-block-heading\">Collection : le Cheminement du temps<\/h1>\n\n\n\n<p>Le Temps est une notion tr\u00e8s subjective pour nous, humains. A notre \u00e9chelle, le temps min\u00e9ral voir v\u00e9g\u00e9tal parait immuable. Pour autant, il avance \u00e0 sa vitesse et fait son \u0153uvre inexorablement. C\u2019est cette subjectivit\u00e9 que j\u2019ai travaill\u00e9 sp\u00e9cialement pour cette collection.<\/p>\n\n\n\n<h2 class=\"wp-block-heading\">L\u2019espoir (enfin&#8230;)<\/h2>\n\n\n\n<figure class=\"wp-block-image size-large\"><img loading=\"lazy\" decoding=\"async\" width=\"1024\" height=\"866\" src=\"https:\/\/diegggmars.art\/wp-content\/uploads\/2024\/02\/Espoir-enfin-1024x866.jpg\" alt=\"\" class=\"wp-image-385\" srcset=\"https:\/\/diegggmars.art\/wp-content\/uploads\/2024\/02\/Espoir-enfin-1024x866.jpg 1024w, https:\/\/diegggmars.art\/wp-content\/uploads\/2024\/02\/Espoir-enfin-300x254.jpg 300w, https:\/\/diegggmars.art\/wp-content\/uploads\/2024\/02\/Espoir-enfin-768x650.jpg 768w, https:\/\/diegggmars.art\/wp-content\/uploads\/2024\/02\/Espoir-enfin-1536x1299.jpg 1536w, https:\/\/diegggmars.art\/wp-content\/uploads\/2024\/02\/Espoir-enfin-2048x1732.jpg 2048w, https:\/\/diegggmars.art\/wp-content\/uploads\/2024\/02\/Espoir-enfin-1x1.jpg 1w\" sizes=\"auto, (max-width: 1024px) 100vw, 1024px\" \/><figcaption class=\"wp-element-caption\">Photo de l&rsquo;\u0153uvre \u00ab\u00a0L&rsquo;espoir, enfin&#8230;\u00a0\u00bb<\/figcaption><\/figure>\n\n\n\n<p>Le tableau cadre sur cadre rempli de cendre et de charbon de bois repr\u00e9sente la fin de quelque-chose. La partie verte est l\u2019espoir, t\u00e9nu, d\u2019un recommencement. Le quelque chose est libre&nbsp;; pour moi ce que cela symbolise est une \u00e9vidence mais je vous laisse imaginer.<\/p>\n\n\n\n<p>Je pr\u00e9cise que la mousse vert fonc\u00e9 est vraie et donc va \u00e9voluer avec le temps et la lumi\u00e8re. La partie vert fluo au centre est une mousse stabilis\u00e9e donc du v\u00e9g\u00e9tal vivant transform\u00e9e en objet qui r\u00e9siste au temps par un proc\u00e9d\u00e9 non naturel. Pour moi, cette pr\u00e9cision modifie la lecture du tableau.<\/p>\n\n\n\n<p>Car le second niveau de lecture est plus sombre. Rien n&rsquo;est vivant et ce qui para\u00eet l&rsquo;\u00eatre n&rsquo;est qu&rsquo;un subterfuge humain. Finalement, il n&rsquo;y a pas d&rsquo;espoir dans ce tableau.<\/p>\n\n\n\n<h2 class=\"wp-block-heading\">Le ressenti du marathonien<\/h2>\n\n\n\n<figure class=\"wp-block-image size-large is-resized\"><img loading=\"lazy\" decoding=\"async\" width=\"1024\" height=\"646\" src=\"https:\/\/diegggmars.art\/wp-content\/uploads\/2024\/02\/Le-ressenti-du-marathonien-1024x646.jpg\" alt=\"\" class=\"wp-image-386\" style=\"width:829px;height:auto\" srcset=\"https:\/\/diegggmars.art\/wp-content\/uploads\/2024\/02\/Le-ressenti-du-marathonien-1024x646.jpg 1024w, https:\/\/diegggmars.art\/wp-content\/uploads\/2024\/02\/Le-ressenti-du-marathonien-300x189.jpg 300w, https:\/\/diegggmars.art\/wp-content\/uploads\/2024\/02\/Le-ressenti-du-marathonien-768x485.jpg 768w, https:\/\/diegggmars.art\/wp-content\/uploads\/2024\/02\/Le-ressenti-du-marathonien-1536x970.jpg 1536w, https:\/\/diegggmars.art\/wp-content\/uploads\/2024\/02\/Le-ressenti-du-marathonien-2048x1293.jpg 2048w, https:\/\/diegggmars.art\/wp-content\/uploads\/2024\/02\/Le-ressenti-du-marathonien-1x1.jpg 1w\" sizes=\"auto, (max-width: 1024px) 100vw, 1024px\" \/><figcaption class=\"wp-element-caption\">Photo de l&rsquo;\u0153uvre \u00ab\u00a0Le ressenti du marathonien\u00a0\u00bb<\/figcaption><\/figure>\n\n\n\n<p>Ici, il faut y voir le sentiment du marathonien qui \u00e0 la fin de sa course, ne voit que souffrance. Moi-m\u00eame adepte de cette distance, je me donne sans retenue et donc souffre les derniers kilom\u00e8tres (disons le dernier quart et c\u2019est long un quart de marathon). Ext\u00e9rieurement, je cours, presque normalement (ce sont les chaussures jaunes) mais int\u00e9rieurement, je cours sur des charbons ardents, j\u2019ai l\u2019impression que mes pieds saignent et que je m\u2019approche de l\u2019enfer. De plus ce \u00ab&nbsp;combat&nbsp;\u00bb int\u00e9rieur semble durer une \u00e9ternit\u00e9 et la ligne d\u2019arriv\u00e9e est une d\u00e9livrance instantan\u00e9e, presque miraculeuse. Je sais que beaucoup de marathonien n\u2019\u00e9prouvent de sentiments aussi forts. Moi, je vais puiser dans mes ressources ultimes notamment pour ressentir cet \u00e9tat de fa\u00e7on hyper forte. Les chaussures sont les miennes trop us\u00e9es pour servir sans risquer une blessure. La v\u00e9g\u00e9tation brul\u00e9e vient des feuilles tomb\u00e9es de mon jardin.<\/p>\n\n\n\n<h2 class=\"wp-block-heading\">L\u2019arme du temps<\/h2>\n\n\n\n<figure class=\"wp-block-image size-large\"><img loading=\"lazy\" decoding=\"async\" width=\"570\" height=\"1024\" src=\"https:\/\/diegggmars.art\/wp-content\/uploads\/2024\/02\/arme-du-temps-570x1024.jpg\" alt=\"\" class=\"wp-image-387\" srcset=\"https:\/\/diegggmars.art\/wp-content\/uploads\/2024\/02\/arme-du-temps-570x1024.jpg 570w, https:\/\/diegggmars.art\/wp-content\/uploads\/2024\/02\/arme-du-temps-167x300.jpg 167w, https:\/\/diegggmars.art\/wp-content\/uploads\/2024\/02\/arme-du-temps-768x1379.jpg 768w, https:\/\/diegggmars.art\/wp-content\/uploads\/2024\/02\/arme-du-temps-856x1536.jpg 856w, https:\/\/diegggmars.art\/wp-content\/uploads\/2024\/02\/arme-du-temps-1141x2048.jpg 1141w, https:\/\/diegggmars.art\/wp-content\/uploads\/2024\/02\/arme-du-temps-1x2.jpg 1w, https:\/\/diegggmars.art\/wp-content\/uploads\/2024\/02\/arme-du-temps-scaled.jpg 1426w\" sizes=\"auto, (max-width: 570px) 100vw, 570px\" \/><figcaption class=\"wp-element-caption\">Photo de l&rsquo;\u0153uvre \u00ab\u00a0L&rsquo;arme du temps\u00a0\u00bb<\/figcaption><\/figure>\n\n\n\n<p>S\u00fbrement la pi\u00e8ce ma\u00eetresse du cheminement du temps. Il y a deux mat\u00e9riaux principaux&nbsp;: le bois et l\u2019acier. Le bois est une pi\u00e8ce que j\u2019ai ramen\u00e9e d\u2019un chemin et qui est vernis. Mis \u00e0 l\u2019int\u00e9rieur, il restera fig\u00e9 dans le temps des ann\u00e9es voir des d\u00e9cennies. M\u00eame \u00e0 l\u2019ext\u00e9rieur, avec mon traitement, il ne bougera pas avant longtemps. D\u2019ailleurs, il semble en excellent \u00e9tat de conservation. La partie en acier, quant \u00e0 elle est rouill\u00e9e, d\u00e9coup\u00e9e et semble de prime abord en mauvais \u00e9tat. Pour autant, cette impression est trompeuse car l\u2019acier en r\u00e9alit\u00e9 vernis durera beaucoup plus longtemps que le bois que ce soit en int\u00e9rieur ou ext\u00e9rieur. L\u2019ensemble symbolise un \u00e9l\u00e9ment discret, qui patiemment, ronge un autre \u00e9l\u00e9ment jusqu\u2019\u00e0 \u00e9limination. L\u2019attaque est repr\u00e9sent\u00e9e par l\u2019entaille rouge sang. Je pr\u00e9cise que j\u2019ai fouill\u00e9 dans les recoins d\u2019une entreprise de recyclage de m\u00e9taux et y trouv\u00e9 cette plaque rouill\u00e9e extr\u00eamement belle.<\/p>\n\n\n\n<h1 class=\"wp-block-heading\">Collection : Regard espi\u00e8gle sur la religion<\/h1>\n\n\n\n<p>A venir&#8230;<\/p>\n\n\n\n<h1 class=\"wp-block-heading\">hors collection<\/h1>\n\n\n\n<p>A venir&#8230;<\/p>\n","protected":false},"excerpt":{"rendered":"<p>L&rsquo;art conceptuel !!!!!!!!!!! Cette page rassemble des \u0153uvres issues de la r\u00e9alisation d&rsquo;un objet esth\u00e9tique \u00e0 partir d&rsquo;une id\u00e9e, d&rsquo;un concept. de plus, elles ont r\u00e9alis\u00e9es \u00e0 partir de mat\u00e9riaux r\u00e9cup\u00e9r\u00e9s la plupart du temps ou achet\u00e9 dans des magasins de seconde vie. Enfin, elles sont une conception d&rsquo;apparence simple. Pour toute ces raison, elles [&hellip;]<\/p>\n","protected":false},"author":1,"featured_media":0,"parent":0,"menu_order":0,"comment_status":"closed","ping_status":"closed","template":"","meta":{"_uag_custom_page_level_css":"","footnotes":""},"class_list":["post-327","page","type-page","status-publish","hentry"],"uagb_featured_image_src":{"full":false,"thumbnail":false,"medium":false,"medium_large":false,"large":false,"1536x1536":false,"2048x2048":false,"creative-lite-homepage-thumb":false},"uagb_author_info":{"display_name":"admin9523","author_link":"https:\/\/diegggmars.art\/index.php\/author\/admin9523\/"},"uagb_comment_info":0,"uagb_excerpt":"L&rsquo;art conceptuel !!!!!!!!!!! Cette page rassemble des \u0153uvres issues de la r\u00e9alisation d&rsquo;un objet esth\u00e9tique \u00e0 partir d&rsquo;une id\u00e9e, d&rsquo;un concept. de plus, elles ont r\u00e9alis\u00e9es \u00e0 partir de mat\u00e9riaux r\u00e9cup\u00e9r\u00e9s la plupart du temps ou achet\u00e9 dans des magasins de seconde vie. Enfin, elles sont une conception d&rsquo;apparence simple. Pour toute ces raison, elles\u2026","_links":{"self":[{"href":"https:\/\/diegggmars.art\/index.php\/wp-json\/wp\/v2\/pages\/327","targetHints":{"allow":["GET"]}}],"collection":[{"href":"https:\/\/diegggmars.art\/index.php\/wp-json\/wp\/v2\/pages"}],"about":[{"href":"https:\/\/diegggmars.art\/index.php\/wp-json\/wp\/v2\/types\/page"}],"author":[{"embeddable":true,"href":"https:\/\/diegggmars.art\/index.php\/wp-json\/wp\/v2\/users\/1"}],"replies":[{"embeddable":true,"href":"https:\/\/diegggmars.art\/index.php\/wp-json\/wp\/v2\/comments?post=327"}],"version-history":[{"count":9,"href":"https:\/\/diegggmars.art\/index.php\/wp-json\/wp\/v2\/pages\/327\/revisions"}],"predecessor-version":[{"id":449,"href":"https:\/\/diegggmars.art\/index.php\/wp-json\/wp\/v2\/pages\/327\/revisions\/449"}],"wp:attachment":[{"href":"https:\/\/diegggmars.art\/index.php\/wp-json\/wp\/v2\/media?parent=327"}],"curies":[{"name":"wp","href":"https:\/\/api.w.org\/{rel}","templated":true}]}}