{"id":322,"date":"2023-11-20T16:33:38","date_gmt":"2023-11-20T15:33:38","guid":{"rendered":"http:\/\/diegggmars.art\/?page_id=322"},"modified":"2024-02-04T15:33:36","modified_gmt":"2024-02-04T14:33:36","slug":"nfts","status":"publish","type":"page","link":"https:\/\/diegggmars.art\/index.php\/nfts\/","title":{"rendered":"NFTs"},"content":{"rendered":"<div class=\"wp-block-image\">\n<figure class=\"aligncenter size-full is-resized\"><img loading=\"lazy\" decoding=\"async\" width=\"1024\" height=\"1024\" src=\"https:\/\/diegggmars.art\/wp-content\/uploads\/2024\/02\/NFT.png\" alt=\"dessin montrant un jeune homme regardant un ordinateur dans un d\u00e9cors Steampunk\" class=\"wp-image-382\" style=\"width:641px;height:auto\" srcset=\"https:\/\/diegggmars.art\/wp-content\/uploads\/2024\/02\/NFT.png 1024w, https:\/\/diegggmars.art\/wp-content\/uploads\/2024\/02\/NFT-300x300.png 300w, https:\/\/diegggmars.art\/wp-content\/uploads\/2024\/02\/NFT-150x150.png 150w, https:\/\/diegggmars.art\/wp-content\/uploads\/2024\/02\/NFT-768x768.png 768w, https:\/\/diegggmars.art\/wp-content\/uploads\/2024\/02\/NFT-1x1.png 1w\" sizes=\"auto, (max-width: 1024px) 100vw, 1024px\" \/><\/figure>\n<\/div>\n\n\n<p>Les NFTs (non Fungible Token) sont des fichiers informatiques qui poss\u00e8dent une \u00ab\u00a0signature\u00a0\u00bb num\u00e9rique les identifiant sur un syst\u00e8me informatique appel\u00e9 blockchain. <\/p>\n\n\n\n<p>Dans mon cas, cette technologie me sert \u00e0 authentifier mes \u0153uvres. Cela est particuli\u00e8rement important pour mes \u0153uvres d&rsquo;Art Conceptuel. En cas de conflit avec un copieur, je pourrais ainsi prouver la paternit\u00e9 de mes \u0153uvres.<\/p>\n\n\n\n<p>Concr\u00e8tement, mes NFTs sont des images avec 2 codes d&rsquo;authentification appel\u00e9s \u00ab\u00a0cl\u00e9\u00a0\u00bb: La premi\u00e8re cl\u00e9 est publique (comme une adresse email) et la seconde priv\u00e9e (comme le mot de passe de votre adresse email).  <\/p>\n\n\n\n<hr class=\"wp-block-separator has-alpha-channel-opacity\"\/>\n\n\n\n<p>Voici le lien vers OPENSEA qui permet de visualiser ces NFTs :<\/p>\n\n\n\n<p><a href=\"https:\/\/opensea.io\/collection\/conceptual-art-6\">https:\/\/opensea.io\/collection\/conceptual-art-6<\/a><\/p>\n\n\n\n<hr class=\"wp-block-separator has-alpha-channel-opacity\"\/>\n\n\n\n<p>Je mets aussi un lien expliquant la notion de NFT. la source est le gouvernement fran\u00e7ais<\/p>\n\n\n\n<p><a href=\"https:\/\/www.bercynumerique.finances.gouv.fr\/nft-tout-savoir-sur-la-nouvelle-forme-de-crypto-monnaie\">https:\/\/www.bercynumerique.finances.gouv.fr\/nft-tout-savoir-sur-la-nouvelle-forme-de-crypto-monnaie<\/a><\/p>\n\n\n\n<hr class=\"wp-block-separator has-alpha-channel-opacity\"\/>\n","protected":false},"excerpt":{"rendered":"<p>Les NFTs (non Fungible Token) sont des fichiers informatiques qui poss\u00e8dent une \u00ab\u00a0signature\u00a0\u00bb num\u00e9rique les identifiant sur un syst\u00e8me informatique appel\u00e9 blockchain. Dans mon cas, cette technologie me sert \u00e0 authentifier mes \u0153uvres. Cela est particuli\u00e8rement important pour mes \u0153uvres d&rsquo;Art Conceptuel. En cas de conflit avec un copieur, je pourrais ainsi prouver la paternit\u00e9 [&hellip;]<\/p>\n","protected":false},"author":1,"featured_media":0,"parent":0,"menu_order":0,"comment_status":"closed","ping_status":"closed","template":"","meta":{"_uag_custom_page_level_css":"","footnotes":""},"class_list":["post-322","page","type-page","status-publish","hentry"],"uagb_featured_image_src":{"full":false,"thumbnail":false,"medium":false,"medium_large":false,"large":false,"1536x1536":false,"2048x2048":false,"creative-lite-homepage-thumb":false},"uagb_author_info":{"display_name":"admin9523","author_link":"https:\/\/diegggmars.art\/index.php\/author\/admin9523\/"},"uagb_comment_info":0,"uagb_excerpt":"Les NFTs (non Fungible Token) sont des fichiers informatiques qui poss\u00e8dent une \u00ab\u00a0signature\u00a0\u00bb num\u00e9rique les identifiant sur un syst\u00e8me informatique appel\u00e9 blockchain. Dans mon cas, cette technologie me sert \u00e0 authentifier mes \u0153uvres. Cela est particuli\u00e8rement important pour mes \u0153uvres d&rsquo;Art Conceptuel. En cas de conflit avec un copieur, je pourrais ainsi prouver la paternit\u00e9\u2026","_links":{"self":[{"href":"https:\/\/diegggmars.art\/index.php\/wp-json\/wp\/v2\/pages\/322","targetHints":{"allow":["GET"]}}],"collection":[{"href":"https:\/\/diegggmars.art\/index.php\/wp-json\/wp\/v2\/pages"}],"about":[{"href":"https:\/\/diegggmars.art\/index.php\/wp-json\/wp\/v2\/types\/page"}],"author":[{"embeddable":true,"href":"https:\/\/diegggmars.art\/index.php\/wp-json\/wp\/v2\/users\/1"}],"replies":[{"embeddable":true,"href":"https:\/\/diegggmars.art\/index.php\/wp-json\/wp\/v2\/comments?post=322"}],"version-history":[{"count":8,"href":"https:\/\/diegggmars.art\/index.php\/wp-json\/wp\/v2\/pages\/322\/revisions"}],"predecessor-version":[{"id":414,"href":"https:\/\/diegggmars.art\/index.php\/wp-json\/wp\/v2\/pages\/322\/revisions\/414"}],"wp:attachment":[{"href":"https:\/\/diegggmars.art\/index.php\/wp-json\/wp\/v2\/media?parent=322"}],"curies":[{"name":"wp","href":"https:\/\/api.w.org\/{rel}","templated":true}]}}