{"id":32,"date":"2021-10-13T20:01:45","date_gmt":"2021-10-13T18:01:45","guid":{"rendered":"http:\/\/diegggmars.art\/?page_id=32"},"modified":"2025-09-10T22:40:23","modified_gmt":"2025-09-10T20:40:23","slug":"expositions-a-venir","status":"publish","type":"page","link":"https:\/\/diegggmars.art\/index.php\/expositions-a-venir\/","title":{"rendered":"Expositions \u00e0 venir"},"content":{"rendered":"\n<h2 class=\"wp-block-heading\">2025<\/h2>\n\n\n\n<p><s>Exposition collective avec le Val de l&rsquo;Art \u00e0 Br\u00e9h\u00e9mont (mars 2025) <\/s> Exposition annul\u00e9e<\/p>\n\n\n\n<p><\/p>\n\n\n\n<p><strong>Printemps 2025 <\/strong><\/p>\n\n\n\n<p>Exposition \u00e0 la <a href=\"https:\/\/www.azaylerideau.fr\/mediatheque\" data-type=\"link\" data-id=\"https:\/\/www.azaylerideau.fr\/mediatheque\">m\u00e9diath\u00e8que d&rsquo;Azay-Le-Rideau<\/a><\/p>\n\n\n\n<figure class=\"wp-block-image size-large\"><img loading=\"lazy\" decoding=\"async\" width=\"1024\" height=\"768\" src=\"https:\/\/diegggmars.art\/wp-content\/uploads\/2025\/09\/IMG20250522112115-1-1024x768.jpg\" alt=\"\" class=\"wp-image-493\" srcset=\"https:\/\/diegggmars.art\/wp-content\/uploads\/2025\/09\/IMG20250522112115-1-1024x768.jpg 1024w, https:\/\/diegggmars.art\/wp-content\/uploads\/2025\/09\/IMG20250522112115-1-300x225.jpg 300w, https:\/\/diegggmars.art\/wp-content\/uploads\/2025\/09\/IMG20250522112115-1-768x576.jpg 768w, https:\/\/diegggmars.art\/wp-content\/uploads\/2025\/09\/IMG20250522112115-1-1536x1152.jpg 1536w, https:\/\/diegggmars.art\/wp-content\/uploads\/2025\/09\/IMG20250522112115-1-2048x1536.jpg 2048w, https:\/\/diegggmars.art\/wp-content\/uploads\/2025\/09\/IMG20250522112115-1-1x1.jpg 1w\" sizes=\"auto, (max-width: 1024px) 100vw, 1024px\" \/><figcaption class=\"wp-element-caption\">oppo_0<\/figcaption><\/figure>\n\n\n\n<div class=\"wp-block-columns is-layout-flex wp-container-core-columns-is-layout-9d6595d7 wp-block-columns-is-layout-flex\">\n<div class=\"wp-block-column is-vertically-aligned-stretch is-layout-flow wp-block-column-is-layout-flow\" style=\"flex-basis:100%\">\n<div class=\"wp-block-group alignwide is-content-justification-center is-nowrap is-layout-flex wp-container-core-group-is-layout-94bc23d7 wp-block-group-is-layout-flex\">\n<hr class=\"wp-block-separator has-alpha-channel-opacity is-style-default\"\/>\n<\/div>\n<\/div>\n<\/div>\n\n\n\n<p>Exposition \u00e0 la m\u00e9diath\u00e8que de Jou\u00e9-Les-Tours en partenariat avec l&rsquo;\u00e9cole publique Roti\u00e8re<\/p>\n\n\n\n<div class=\"wp-block-columns is-layout-flex wp-container-core-columns-is-layout-9d6595d7 wp-block-columns-is-layout-flex\">\n<div class=\"wp-block-column is-layout-flow wp-block-column-is-layout-flow\" style=\"flex-basis:100%\">\n<figure class=\"wp-block-image size-large\"><img loading=\"lazy\" decoding=\"async\" width=\"1024\" height=\"768\" src=\"https:\/\/diegggmars.art\/wp-content\/uploads\/2025\/09\/IMG_20250423_165623-1024x768.jpg\" alt=\"\" class=\"wp-image-491\" srcset=\"https:\/\/diegggmars.art\/wp-content\/uploads\/2025\/09\/IMG_20250423_165623-1024x768.jpg 1024w, https:\/\/diegggmars.art\/wp-content\/uploads\/2025\/09\/IMG_20250423_165623-300x225.jpg 300w, https:\/\/diegggmars.art\/wp-content\/uploads\/2025\/09\/IMG_20250423_165623-768x576.jpg 768w, https:\/\/diegggmars.art\/wp-content\/uploads\/2025\/09\/IMG_20250423_165623-1536x1152.jpg 1536w, https:\/\/diegggmars.art\/wp-content\/uploads\/2025\/09\/IMG_20250423_165623-2048x1536.jpg 2048w, https:\/\/diegggmars.art\/wp-content\/uploads\/2025\/09\/IMG_20250423_165623-1x1.jpg 1w\" sizes=\"auto, (max-width: 1024px) 100vw, 1024px\" \/><figcaption class=\"wp-element-caption\">oppo_32<\/figcaption><\/figure>\n<\/div>\n<\/div>\n\n\n\n<p><strong>Et\u00e9 2025<\/strong><\/p>\n\n\n\n<p>Du 5 au 15 juillet : \u2018\u2019L\u2019Art au mus\u00e9e\u2019\u2019 <a href=\"https:\/\/www.musee-dufresne.com\/\" data-type=\"link\" data-id=\"https:\/\/www.musee-dufresne.com\/\">CIT\u00c9 R\u00c9TRO M\u00c9CANIQUE Maurice Dufresne<\/a> \u00e0 Marnay<\/p>\n\n\n\n<p>J&rsquo;y ai expos\u00e9 mes sculptures r\u00e9alis\u00e9es \u00e0 partir de pi\u00e8ces automobiles m\u00e9talliques pour mettre en regard ces cr\u00e9ations avec les voitures du mus\u00e9e.<\/p>\n\n\n\n<figure class=\"wp-block-gallery has-nested-images columns-default is-cropped wp-block-gallery-1 is-layout-flex wp-block-gallery-is-layout-flex\"><div class=\"wp-block-image is-style-default\">\n<figure class=\"alignright size-large\"><img loading=\"lazy\" decoding=\"async\" width=\"1024\" height=\"766\" data-id=\"494\" src=\"https:\/\/diegggmars.art\/wp-content\/uploads\/2025\/09\/IMG20250704180646-1024x766.jpg\" alt=\"\" class=\"wp-image-494\" srcset=\"https:\/\/diegggmars.art\/wp-content\/uploads\/2025\/09\/IMG20250704180646-1024x766.jpg 1024w, https:\/\/diegggmars.art\/wp-content\/uploads\/2025\/09\/IMG20250704180646-300x224.jpg 300w, https:\/\/diegggmars.art\/wp-content\/uploads\/2025\/09\/IMG20250704180646-768x575.jpg 768w, https:\/\/diegggmars.art\/wp-content\/uploads\/2025\/09\/IMG20250704180646-1536x1149.jpg 1536w, https:\/\/diegggmars.art\/wp-content\/uploads\/2025\/09\/IMG20250704180646-2048x1532.jpg 2048w, https:\/\/diegggmars.art\/wp-content\/uploads\/2025\/09\/IMG20250704180646-1x1.jpg 1w\" sizes=\"auto, (max-width: 1024px) 100vw, 1024px\" \/><figcaption class=\"wp-element-caption\">oppo_0<\/figcaption><\/figure>\n<\/div>\n\n<div class=\"wp-block-image\">\n<figure class=\"alignleft size-large\"><img loading=\"lazy\" decoding=\"async\" width=\"766\" height=\"1024\" data-id=\"495\" src=\"https:\/\/diegggmars.art\/wp-content\/uploads\/2025\/09\/IMG20250704180736-766x1024.jpg\" alt=\"\" class=\"wp-image-495\" srcset=\"https:\/\/diegggmars.art\/wp-content\/uploads\/2025\/09\/IMG20250704180736-766x1024.jpg 766w, https:\/\/diegggmars.art\/wp-content\/uploads\/2025\/09\/IMG20250704180736-224x300.jpg 224w, https:\/\/diegggmars.art\/wp-content\/uploads\/2025\/09\/IMG20250704180736-768x1026.jpg 768w, https:\/\/diegggmars.art\/wp-content\/uploads\/2025\/09\/IMG20250704180736-1149x1536.jpg 1149w, https:\/\/diegggmars.art\/wp-content\/uploads\/2025\/09\/IMG20250704180736-1532x2048.jpg 1532w, https:\/\/diegggmars.art\/wp-content\/uploads\/2025\/09\/IMG20250704180736-1x1.jpg 1w, https:\/\/diegggmars.art\/wp-content\/uploads\/2025\/09\/IMG20250704180736-scaled.jpg 1916w\" sizes=\"auto, (max-width: 766px) 100vw, 766px\" \/><figcaption class=\"wp-element-caption\">oppo_32<\/figcaption><\/figure>\n<\/div><\/figure>\n\n\n\n<div class=\"wp-block-group alignwide is-content-justification-center is-nowrap is-layout-flex wp-container-core-group-is-layout-94bc23d7 wp-block-group-is-layout-flex\">\n<hr class=\"wp-block-separator has-alpha-channel-opacity is-style-default\"\/>\n<\/div>\n\n\n\n<p>13 et 14 septembre 2025 : participation \u00e0 l&rsquo;<a href=\"https:\/\/expodenfer.com\/programme-2025\" data-type=\"link\" data-id=\"https:\/\/expodenfer.com\/programme-2025\">expo d&rsquo;Enfer au paradis,<\/a> \u00e0 Savonni\u00e8res<\/p>\n\n\n\n<div class=\"wp-block-group alignwide is-content-justification-center is-nowrap is-layout-flex wp-container-core-group-is-layout-94bc23d7 wp-block-group-is-layout-flex\">\n<hr class=\"wp-block-separator has-alpha-channel-opacity is-style-default\"\/>\n<\/div>\n\n\n\n<p><\/p>\n\n\n\n<p>Plus d&rsquo;exposition \u00e0 venir&#8230;<\/p>\n\n\n\n<p><\/p>\n","protected":false},"excerpt":{"rendered":"<p>2025 Exposition collective avec le Val de l&rsquo;Art \u00e0 Br\u00e9h\u00e9mont (mars 2025) Exposition annul\u00e9e Printemps 2025 Exposition \u00e0 la m\u00e9diath\u00e8que d&rsquo;Azay-Le-Rideau Exposition \u00e0 la m\u00e9diath\u00e8que de Jou\u00e9-Les-Tours en partenariat avec l&rsquo;\u00e9cole publique Roti\u00e8re Et\u00e9 2025 Du 5 au 15 juillet : \u2018\u2019L\u2019Art au mus\u00e9e\u2019\u2019 CIT\u00c9 R\u00c9TRO M\u00c9CANIQUE Maurice Dufresne \u00e0 Marnay J&rsquo;y ai expos\u00e9 mes [&hellip;]<\/p>\n","protected":false},"author":1,"featured_media":0,"parent":0,"menu_order":0,"comment_status":"closed","ping_status":"closed","template":"","meta":{"_uag_custom_page_level_css":"","footnotes":""},"class_list":["post-32","page","type-page","status-publish","hentry"],"uagb_featured_image_src":{"full":false,"thumbnail":false,"medium":false,"medium_large":false,"large":false,"1536x1536":false,"2048x2048":false,"creative-lite-homepage-thumb":false},"uagb_author_info":{"display_name":"admin9523","author_link":"https:\/\/diegggmars.art\/index.php\/author\/admin9523\/"},"uagb_comment_info":0,"uagb_excerpt":"2025 Exposition collective avec le Val de l&rsquo;Art \u00e0 Br\u00e9h\u00e9mont (mars 2025) Exposition annul\u00e9e Printemps 2025 Exposition \u00e0 la m\u00e9diath\u00e8que d&rsquo;Azay-Le-Rideau Exposition \u00e0 la m\u00e9diath\u00e8que de Jou\u00e9-Les-Tours en partenariat avec l&rsquo;\u00e9cole publique Roti\u00e8re Et\u00e9 2025 Du 5 au 15 juillet : \u2018\u2019L\u2019Art au mus\u00e9e\u2019\u2019 CIT\u00c9 R\u00c9TRO M\u00c9CANIQUE Maurice Dufresne \u00e0 Marnay J&rsquo;y ai expos\u00e9 mes\u2026","_links":{"self":[{"href":"https:\/\/diegggmars.art\/index.php\/wp-json\/wp\/v2\/pages\/32","targetHints":{"allow":["GET"]}}],"collection":[{"href":"https:\/\/diegggmars.art\/index.php\/wp-json\/wp\/v2\/pages"}],"about":[{"href":"https:\/\/diegggmars.art\/index.php\/wp-json\/wp\/v2\/types\/page"}],"author":[{"embeddable":true,"href":"https:\/\/diegggmars.art\/index.php\/wp-json\/wp\/v2\/users\/1"}],"replies":[{"embeddable":true,"href":"https:\/\/diegggmars.art\/index.php\/wp-json\/wp\/v2\/comments?post=32"}],"version-history":[{"count":8,"href":"https:\/\/diegggmars.art\/index.php\/wp-json\/wp\/v2\/pages\/32\/revisions"}],"predecessor-version":[{"id":496,"href":"https:\/\/diegggmars.art\/index.php\/wp-json\/wp\/v2\/pages\/32\/revisions\/496"}],"wp:attachment":[{"href":"https:\/\/diegggmars.art\/index.php\/wp-json\/wp\/v2\/media?parent=32"}],"curies":[{"name":"wp","href":"https:\/\/api.w.org\/{rel}","templated":true}]}}