{"id":28,"date":"2021-10-13T19:59:57","date_gmt":"2021-10-13T17:59:57","guid":{"rendered":"http:\/\/diegggmars.art\/?page_id=28"},"modified":"2024-02-08T21:43:17","modified_gmt":"2024-02-08T20:43:17","slug":"presentation-de-lartiste","status":"publish","type":"page","link":"https:\/\/diegggmars.art\/index.php\/presentation-de-lartiste\/","title":{"rendered":"Pr\u00e9sentation de l&rsquo;artiste"},"content":{"rendered":"\n<div class=\"wp-block-media-text is-stacked-on-mobile\"><figure class=\"wp-block-media-text__media\"><img loading=\"lazy\" decoding=\"async\" width=\"1024\" height=\"983\" src=\"http:\/\/diegggmars.art\/wp-content\/uploads\/2024\/02\/portrait-de-Dieggg-Mars-1024x983.jpg\" alt=\"Photo de Dieggg Mars\" class=\"wp-image-397 size-full\" srcset=\"https:\/\/diegggmars.art\/wp-content\/uploads\/2024\/02\/portrait-de-Dieggg-Mars-1024x983.jpg 1024w, https:\/\/diegggmars.art\/wp-content\/uploads\/2024\/02\/portrait-de-Dieggg-Mars-300x288.jpg 300w, https:\/\/diegggmars.art\/wp-content\/uploads\/2024\/02\/portrait-de-Dieggg-Mars-768x737.jpg 768w, https:\/\/diegggmars.art\/wp-content\/uploads\/2024\/02\/portrait-de-Dieggg-Mars-1536x1474.jpg 1536w, https:\/\/diegggmars.art\/wp-content\/uploads\/2024\/02\/portrait-de-Dieggg-Mars-2048x1966.jpg 2048w, https:\/\/diegggmars.art\/wp-content\/uploads\/2024\/02\/portrait-de-Dieggg-Mars-1x1.jpg 1w\" sizes=\"auto, (max-width: 1024px) 100vw, 1024px\" \/><\/figure><div class=\"wp-block-media-text__content\">\n<p>Artiste peintre, j&rsquo;utilise une technique \u00e0 base de touches de peinture pour r\u00e9aliser des \u0153uvres abstraites, souvent g\u00e9om\u00e9triques et toujours color\u00e9es.<\/p>\n\n\n\n<figure class=\"wp-block-image size-large\"><img loading=\"lazy\" decoding=\"async\" width=\"1024\" height=\"462\" src=\"http:\/\/diegggmars.art\/wp-content\/uploads\/2023\/11\/IMG20201125113804-1024x462.jpg\" alt=\"signature de Dieggg Mars\" class=\"wp-image-291\" srcset=\"https:\/\/diegggmars.art\/wp-content\/uploads\/2023\/11\/IMG20201125113804-1024x462.jpg 1024w, https:\/\/diegggmars.art\/wp-content\/uploads\/2023\/11\/IMG20201125113804-300x135.jpg 300w, https:\/\/diegggmars.art\/wp-content\/uploads\/2023\/11\/IMG20201125113804-768x347.jpg 768w, https:\/\/diegggmars.art\/wp-content\/uploads\/2023\/11\/IMG20201125113804-1536x693.jpg 1536w, https:\/\/diegggmars.art\/wp-content\/uploads\/2023\/11\/IMG20201125113804-2048x924.jpg 2048w, https:\/\/diegggmars.art\/wp-content\/uploads\/2023\/11\/IMG20201125113804-1x1.jpg 1w\" sizes=\"auto, (max-width: 1024px) 100vw, 1024px\" \/><figcaption class=\"wp-element-caption\">Ma signature<\/figcaption><\/figure>\n<\/div><\/div>\n\n\n\n<p class=\"has-text-align-left\"><\/p>\n\n\n\n<p class=\"has-text-align-left\"><br><\/p>\n\n\n\n<div class=\"wp-block-media-text is-stacked-on-mobile\"><figure class=\"wp-block-media-text__media\"><img loading=\"lazy\" decoding=\"async\" width=\"816\" height=\"1000\" src=\"http:\/\/diegggmars.art\/wp-content\/uploads\/2021\/10\/image-2.png\" alt=\"\" class=\"wp-image-208 size-full\" srcset=\"https:\/\/diegggmars.art\/wp-content\/uploads\/2021\/10\/image-2.png 816w, https:\/\/diegggmars.art\/wp-content\/uploads\/2021\/10\/image-2-245x300.png 245w, https:\/\/diegggmars.art\/wp-content\/uploads\/2021\/10\/image-2-768x941.png 768w, https:\/\/diegggmars.art\/wp-content\/uploads\/2021\/10\/image-2-1x1.png 1w\" sizes=\"auto, (max-width: 816px) 100vw, 816px\" \/><\/figure><div class=\"wp-block-media-text__content\">\n<p>Ma technique initiale s&rsquo;inspire tr\u00e8s largement du \u00ab Dot Painting \u00bb d\u00e9velopp\u00e9 par les aborig\u00e8nes d&rsquo;Australie que j\u2019ai eu l&rsquo;opportunit\u00e9 de d\u00e9couvrir et red\u00e9couvrir lors de plusieurs voyages dans ce pays.<\/p>\n<\/div><\/div>\n\n\n\n<p class=\"has-text-align-left\"><br><\/p>\n\n\n\n<div class=\"wp-block-media-text has-media-on-the-right is-stacked-on-mobile\"><div class=\"wp-block-media-text__content\">\n<p>J\u2019ai r\u00e9alis\u00e9 ma premi\u00e8re toile en 2007 : cela a \u00e9t\u00e9 un coup de foudre entre la peinture et moi. Pendant presque 10 ans, j\u2019ai peint uniquement pour moi en exposant mes \u0153uvres sur mes murs. Puis, gr\u00e2ce aux encouragements de ma famille et de mes amis, j\u2019ai saut\u00e9 le pas en 2017 en exposant pour la premi\u00e8re fois mes \u0153uvres au public. Cela a \u00e9t\u00e9 une<br>r\u00e9v\u00e9lation : les critiques positives et les f\u00e9licitations de personnes qui ne me connaissaient pas m\u2019ont pouss\u00e9es \u00e0 continuer sur cette voie.<\/p>\n<\/div><figure class=\"wp-block-media-text__media\"><img loading=\"lazy\" decoding=\"async\" width=\"677\" height=\"679\" src=\"http:\/\/diegggmars.art\/wp-content\/uploads\/2021\/10\/image-3.png\" alt=\"\" class=\"wp-image-209 size-full\" srcset=\"https:\/\/diegggmars.art\/wp-content\/uploads\/2021\/10\/image-3.png 677w, https:\/\/diegggmars.art\/wp-content\/uploads\/2021\/10\/image-3-300x300.png 300w, https:\/\/diegggmars.art\/wp-content\/uploads\/2021\/10\/image-3-150x150.png 150w, https:\/\/diegggmars.art\/wp-content\/uploads\/2021\/10\/image-3-1x1.png 1w\" sizes=\"auto, (max-width: 677px) 100vw, 677px\" \/><\/figure><\/div>\n\n\n\n<p class=\"has-text-align-left\"><br><\/p>\n\n\n\n<div class=\"wp-block-media-text is-stacked-on-mobile\"><figure class=\"wp-block-media-text__media\"><img loading=\"lazy\" decoding=\"async\" width=\"670\" height=\"1000\" src=\"http:\/\/diegggmars.art\/wp-content\/uploads\/2021\/10\/image-4.png\" alt=\"\" class=\"wp-image-210 size-full\" srcset=\"https:\/\/diegggmars.art\/wp-content\/uploads\/2021\/10\/image-4.png 670w, https:\/\/diegggmars.art\/wp-content\/uploads\/2021\/10\/image-4-201x300.png 201w, https:\/\/diegggmars.art\/wp-content\/uploads\/2021\/10\/image-4-1x1.png 1w\" sizes=\"auto, (max-width: 670px) 100vw, 670px\" \/><\/figure><div class=\"wp-block-media-text__content\">\n<p>2018 est donc une ann\u00e9e de confirmation de ce choix : \u00eatre un artiste peintre \u00ab public \u00bb. Du dot painting \u00ab classique \u00bb, j\u2019\u00e9volue vers un style plus personnel tout en gardant mes r\u00e9f\u00e9rences originelles : une peinture ma\u00eetris\u00e9e, un go\u00fbt pour la couleur et une recherche de l\u2019esth\u00e9tisme le plus pur. <\/p>\n<\/div><\/div>\n\n\n\n<p class=\"has-text-align-left\"><\/p>\n\n\n\n<div class=\"wp-block-media-text has-media-on-the-right is-stacked-on-mobile\"><div class=\"wp-block-media-text__content\">\n<p>A partir de l\u00e0, je transforme mes points (fig\u00e9s dans l\u2019espace) en traits qui apportent le mouvement (o\u00f9 tout du moins sa suggestion). Mon style se transforme en 2 styles : le \u00ab dot painting \u00bb qui d\u00e9crit de fa\u00e7on abstraite l\u2019immuabilit\u00e9 de la nature et le \u00ab line painting \u00bb qui capture un mouvement \u00e9l\u00e9mentaire.<\/p>\n<\/div><figure class=\"wp-block-media-text__media\"><img decoding=\"async\" src=\"http:\/\/diegggmars.art\/wp-content\/uploads\/2021\/10\/image-5.png\" alt=\"\" class=\"wp-image-211 size-full\"\/><\/figure><\/div>\n\n\n\n<p class=\"has-text-align-left\"><br><\/p>\n\n\n\n<div class=\"wp-block-media-text is-stacked-on-mobile\"><figure class=\"wp-block-media-text__media\"><img loading=\"lazy\" decoding=\"async\" width=\"341\" height=\"1000\" src=\"http:\/\/diegggmars.art\/wp-content\/uploads\/2021\/10\/image-6.png\" alt=\"\" class=\"wp-image-212 size-full\" srcset=\"https:\/\/diegggmars.art\/wp-content\/uploads\/2021\/10\/image-6.png 341w, https:\/\/diegggmars.art\/wp-content\/uploads\/2021\/10\/image-6-102x300.png 102w, https:\/\/diegggmars.art\/wp-content\/uploads\/2021\/10\/image-6-1x3.png 1w\" sizes=\"auto, (max-width: 341px) 100vw, 341px\" \/><\/figure><div class=\"wp-block-media-text__content\">\n<p>Puis 2020 arrive avec le COVID-19. S\u2019en suit une p\u00e9riode de confinement et d\u2019arr\u00eat des manifestations artistiques. Cette p\u00e9riode m\u2019a permis de continuer ma recherche artistique sans avoir \u00e0 exposer mes toiles. Je m\u2019engage notamment dans le \u00ab Dripping \u00bb popularis\u00e9 par le c\u00e9l\u00e8bre J.Pollock qui consiste \u00e0 projeter de la peinture sur la toile. Actuellement, mes derni\u00e8res toiles tentent la fusion du dripping et du dot painting. Je garde n\u00e9anmoins l\u2019envie de peindre des toiles avec uniquement des points. D\u2019ailleurs, ces toiles ne sont plus vraiment g\u00e9om\u00e9triques et les points ne sont plus vraiment ordonn\u00e9s comme dans un mandala. Mon but n\u2019est pas de faire des figures complexes mais de leur donner un c\u00f4t\u00e9 organique, vivant. Les irr\u00e9gularit\u00e9s de mes fonds sont voulues : elles reprennent le galbe des corps, des veines, des fleuves et des arbres. Les points peuplent ces compositions pour permettre \u00e0 la personne qui regarde l\u2019\u0153uvre, de visualiser une sc\u00e8ne (de la m\u00eame fa\u00e7on qu\u2019on regarde les nuages). Personnellement, j\u2019y vois le parcours de la s\u00e8ve des arbres, les citadins d\u2019une ville, les plan\u00e8tes et \u00e9toiles d\u2019une galaxie.<\/p>\n<\/div><\/div>\n\n\n\n<p class=\"has-text-align-left\"><br><\/p>\n\n\n\n<ul class=\"wp-block-list\">\n<li>Toutes mes toiles sont des originales<\/li>\n\n\n\n<li>Je ne fais pas de s\u00e9rie identique<\/li>\n\n\n\n<li>Je pr\u00e9pare mes toiles \u00e0 l\u2019aide d\u2019un croquis avant de commencer<\/li>\n\n\n\n<li>Je d\u00e9vie souvent de mon projet d\u2019origine<\/li>\n\n\n\n<li>Je travaille mes fonds pour faire disparaitre autant que possible la matrice de la toile (le tissage)<\/li>\n\n\n\n<li>Ma peinture est exclusivement de l\u2019acrylique<\/li>\n\n\n\n<li>Ma peinture est \u00e9paisse et forme un relief sur la toile ; je fais tr\u00e8s attention \u00e0 former des pointes sur mes points<\/li>\n\n\n\n<li>J\u2019ai quelques toiles o\u00f9 j\u2019ai incorpor\u00e9 des mat\u00e9riaux pour donner du relief<\/li>\n\n\n\n<li>J\u2019ai une d\u00e9marche personnelle de r\u00e9-utilisation de certains mat\u00e9riaux comme support : cela a un objectif \u00e9cologique mais aussi et surtout artistique : amener l\u2019art o\u00f9 il n\u2019est pas pr\u00e9vu, sortir de la toile de lin et permettre de questionner sur la place et le r\u00f4le des objets<\/li>\n<\/ul>\n\n\n\n<ul class=\"wp-block-list\">\n<li>Je suis tr\u00e8s actif sur FB et surtout Instagram (@Dieggg.mars)<\/li>\n\n\n\n<li>Je suis en recherche de partenaire pour exposer dans des lieux recevant du public (restaurant, banque, mairie, mus\u00e9e&nbsp;\uf04a)<\/li>\n<\/ul>\n\n\n\n<div class=\"wp-block-media-text has-media-on-the-right is-stacked-on-mobile\"><div class=\"wp-block-media-text__content\">\n<p>Mes points ressortent de mes toiles<\/p>\n<\/div><figure class=\"wp-block-media-text__media\"><img loading=\"lazy\" decoding=\"async\" width=\"1000\" height=\"667\" src=\"http:\/\/diegggmars.art\/wp-content\/uploads\/2021\/10\/image-9.png\" alt=\"\" class=\"wp-image-215 size-full\" srcset=\"https:\/\/diegggmars.art\/wp-content\/uploads\/2021\/10\/image-9.png 1000w, https:\/\/diegggmars.art\/wp-content\/uploads\/2021\/10\/image-9-300x200.png 300w, https:\/\/diegggmars.art\/wp-content\/uploads\/2021\/10\/image-9-768x512.png 768w, https:\/\/diegggmars.art\/wp-content\/uploads\/2021\/10\/image-9-1x1.png 1w\" sizes=\"auto, (max-width: 1000px) 100vw, 1000px\" \/><\/figure><\/div>\n\n\n\n<p><\/p>\n\n\n\n<div class=\"wp-block-media-text is-stacked-on-mobile\"><figure class=\"wp-block-media-text__media\"><img loading=\"lazy\" decoding=\"async\" width=\"499\" height=\"1024\" src=\"http:\/\/diegggmars.art\/wp-content\/uploads\/2024\/02\/morse-1-499x1024.jpg\" alt=\"\" class=\"wp-image-402 size-full\" srcset=\"https:\/\/diegggmars.art\/wp-content\/uploads\/2024\/02\/morse-1-499x1024.jpg 499w, https:\/\/diegggmars.art\/wp-content\/uploads\/2024\/02\/morse-1-146x300.jpg 146w, https:\/\/diegggmars.art\/wp-content\/uploads\/2024\/02\/morse-1-768x1575.jpg 768w, https:\/\/diegggmars.art\/wp-content\/uploads\/2024\/02\/morse-1-749x1536.jpg 749w, https:\/\/diegggmars.art\/wp-content\/uploads\/2024\/02\/morse-1-998x2048.jpg 998w, https:\/\/diegggmars.art\/wp-content\/uploads\/2024\/02\/morse-1-1x2.jpg 1w, https:\/\/diegggmars.art\/wp-content\/uploads\/2024\/02\/morse-1-scaled.jpg 1248w\" sizes=\"auto, (max-width: 499px) 100vw, 499px\" \/><\/figure><div class=\"wp-block-media-text__content\">\n<p>Depuis quelques temps, je cr\u00e9\u00e9e des \u0153uvres qui peuvent rester \u00e0 l\u2019ext\u00e9rieur. Ces cr\u00e9ations hybrides sont des peintures sur des supports de formes diverses qui peuvent les faire passer pour des sculptures.<\/p>\n<\/div><\/div>\n\n\n\n<p><\/p>\n\n\n\n<div class=\"wp-block-media-text has-media-on-the-right is-stacked-on-mobile\"><div class=\"wp-block-media-text__content\">\n<p>enfin, je me suis mis \u00e0 cr\u00e9er des sculptures relatant une id\u00e9e, un concept que je range dans le domaine de l&rsquo;art conceptuel.<\/p>\n<\/div><figure class=\"wp-block-media-text__media\"><img loading=\"lazy\" decoding=\"async\" width=\"768\" height=\"1024\" src=\"http:\/\/diegggmars.art\/wp-content\/uploads\/2024\/02\/IMG20230910103601-768x1024.jpg\" alt=\"\" class=\"wp-image-364 size-full\" srcset=\"https:\/\/diegggmars.art\/wp-content\/uploads\/2024\/02\/IMG20230910103601-768x1024.jpg 768w, https:\/\/diegggmars.art\/wp-content\/uploads\/2024\/02\/IMG20230910103601-225x300.jpg 225w, https:\/\/diegggmars.art\/wp-content\/uploads\/2024\/02\/IMG20230910103601-1152x1536.jpg 1152w, https:\/\/diegggmars.art\/wp-content\/uploads\/2024\/02\/IMG20230910103601-1536x2048.jpg 1536w, https:\/\/diegggmars.art\/wp-content\/uploads\/2024\/02\/IMG20230910103601-1x1.jpg 1w, https:\/\/diegggmars.art\/wp-content\/uploads\/2024\/02\/IMG20230910103601-scaled.jpg 1920w\" sizes=\"auto, (max-width: 768px) 100vw, 768px\" \/><\/figure><\/div>\n\n\n\n<p><\/p>\n","protected":false},"excerpt":{"rendered":"<p>Ma technique initiale s&rsquo;inspire tr\u00e8s largement du \u00ab Dot Painting \u00bb d\u00e9velopp\u00e9 par les aborig\u00e8nes d&rsquo;Australie que j\u2019ai eu l&rsquo;opportunit\u00e9 de d\u00e9couvrir et red\u00e9couvrir lors de plusieurs voyages dans ce pays. J\u2019ai r\u00e9alis\u00e9 ma premi\u00e8re toile en 2007 : cela a \u00e9t\u00e9 un coup de foudre entre la peinture et moi. Pendant presque 10 ans, [&hellip;]<\/p>\n","protected":false},"author":1,"featured_media":0,"parent":0,"menu_order":0,"comment_status":"closed","ping_status":"closed","template":"","meta":{"_uag_custom_page_level_css":"","footnotes":""},"class_list":["post-28","page","type-page","status-publish","hentry"],"uagb_featured_image_src":{"full":false,"thumbnail":false,"medium":false,"medium_large":false,"large":false,"1536x1536":false,"2048x2048":false,"creative-lite-homepage-thumb":false},"uagb_author_info":{"display_name":"admin9523","author_link":"https:\/\/diegggmars.art\/index.php\/author\/admin9523\/"},"uagb_comment_info":0,"uagb_excerpt":"Ma technique initiale s&rsquo;inspire tr\u00e8s largement du \u00ab Dot Painting \u00bb d\u00e9velopp\u00e9 par les aborig\u00e8nes d&rsquo;Australie que j\u2019ai eu l&rsquo;opportunit\u00e9 de d\u00e9couvrir et red\u00e9couvrir lors de plusieurs voyages dans ce pays. J\u2019ai r\u00e9alis\u00e9 ma premi\u00e8re toile en 2007 : cela a \u00e9t\u00e9 un coup de foudre entre la peinture et moi. Pendant presque 10 ans,\u2026","_links":{"self":[{"href":"https:\/\/diegggmars.art\/index.php\/wp-json\/wp\/v2\/pages\/28","targetHints":{"allow":["GET"]}}],"collection":[{"href":"https:\/\/diegggmars.art\/index.php\/wp-json\/wp\/v2\/pages"}],"about":[{"href":"https:\/\/diegggmars.art\/index.php\/wp-json\/wp\/v2\/types\/page"}],"author":[{"embeddable":true,"href":"https:\/\/diegggmars.art\/index.php\/wp-json\/wp\/v2\/users\/1"}],"replies":[{"embeddable":true,"href":"https:\/\/diegggmars.art\/index.php\/wp-json\/wp\/v2\/comments?post=28"}],"version-history":[{"count":10,"href":"https:\/\/diegggmars.art\/index.php\/wp-json\/wp\/v2\/pages\/28\/revisions"}],"predecessor-version":[{"id":438,"href":"https:\/\/diegggmars.art\/index.php\/wp-json\/wp\/v2\/pages\/28\/revisions\/438"}],"wp:attachment":[{"href":"https:\/\/diegggmars.art\/index.php\/wp-json\/wp\/v2\/media?parent=28"}],"curies":[{"name":"wp","href":"https:\/\/api.w.org\/{rel}","templated":true}]}}